{"id":3026,"date":"2024-06-09T21:04:25","date_gmt":"2024-06-09T21:04:25","guid":{"rendered":"http:\/\/chris.schoenruh.at\/?page_id=3026"},"modified":"2025-09-30T18:24:09","modified_gmt":"2025-09-30T18:24:09","slug":"ueber-uns","status":"publish","type":"page","link":"https:\/\/www.schoenruh.com\/de\/hotel\/ueber-uns\/","title":{"rendered":"\u00dcber Uns"},"content":{"rendered":"\t\t<div data-elementor-type=\"wp-page\" data-elementor-id=\"3026\" class=\"elementor elementor-3026\">\n\t\t\t\t<div class=\"elementor-element elementor-element-cdd8738 e-flex e-con-boxed e-con e-parent\" data-id=\"cdd8738\" data-element_type=\"container\" data-e-type=\"container\" data-settings=\"{&quot;background_background&quot;:&quot;classic&quot;}\">\n\t\t\t\t\t<div class=\"e-con-inner\">\n\t\t<div class=\"elementor-element elementor-element-0dc5623 e-con-full e-flex e-con e-child\" data-id=\"0dc5623\" data-element_type=\"container\" data-e-type=\"container\" data-settings=\"{&quot;background_background&quot;:&quot;video&quot;}\">\n\t\t\t\t<div class=\"elementor-element elementor-element-844a398 elementor-widget elementor-widget-image\" data-id=\"844a398\" data-element_type=\"widget\" data-e-type=\"widget\" data-widget_type=\"image.default\">\n\t\t\t\t\t\t\t\t\t\t\t\t\t\t\t<img fetchpriority=\"high\" decoding=\"async\" width=\"512\" height=\"512\" src=\"https:\/\/www.schoenruh.com\/wp-content\/uploads\/2024\/06\/cropped-schoenruh-hotel-gerlos-favicon.png\" class=\"attachment-large size-large wp-image-4745\" alt=\"\" srcset=\"https:\/\/www.schoenruh.com\/wp-content\/uploads\/2024\/06\/cropped-schoenruh-hotel-gerlos-favicon.png 512w, https:\/\/www.schoenruh.com\/wp-content\/uploads\/2024\/06\/cropped-schoenruh-hotel-gerlos-favicon-300x300.png 300w, https:\/\/www.schoenruh.com\/wp-content\/uploads\/2024\/06\/cropped-schoenruh-hotel-gerlos-favicon-150x150.png 150w, https:\/\/www.schoenruh.com\/wp-content\/uploads\/2024\/06\/cropped-schoenruh-hotel-gerlos-favicon-12x12.png 12w, https:\/\/www.schoenruh.com\/wp-content\/uploads\/2024\/06\/cropped-schoenruh-hotel-gerlos-favicon-270x270.png 270w, https:\/\/www.schoenruh.com\/wp-content\/uploads\/2024\/06\/cropped-schoenruh-hotel-gerlos-favicon-192x192.png 192w, https:\/\/www.schoenruh.com\/wp-content\/uploads\/2024\/06\/cropped-schoenruh-hotel-gerlos-favicon-180x180.png 180w, https:\/\/www.schoenruh.com\/wp-content\/uploads\/2024\/06\/cropped-schoenruh-hotel-gerlos-favicon-32x32.png 32w\" sizes=\"(max-width: 512px) 100vw, 512px\" \/>\t\t\t\t\t\t\t\t\t\t\t\t\t\t\t<\/div>\n\t\t\t\t<div class=\"elementor-element elementor-element-ffdef67 elementor-widget elementor-widget-heading\" data-id=\"ffdef67\" data-element_type=\"widget\" data-e-type=\"widget\" data-widget_type=\"heading.default\">\n\t\t\t\t\t<div class=\"elementor-heading-title elementor-size-default\">Hotel Sch\u00f6nruh Gerlos<\/div>\t\t\t\t<\/div>\n\t\t\t\t<div class=\"elementor-element elementor-element-a8b3a6b elementor-widget elementor-widget-heading\" data-id=\"a8b3a6b\" data-element_type=\"widget\" data-e-type=\"widget\" data-widget_type=\"heading.default\">\n\t\t\t\t\t<h2 class=\"elementor-heading-title elementor-size-default\">\u00dcber Uns<\/h2>\t\t\t\t<\/div>\n\t\t\t\t<\/div>\n\t\t\t\t\t<\/div>\n\t\t\t\t<\/div>\n\t\t<div class=\"elementor-element elementor-element-879dcd5 e-flex e-con-boxed e-con e-parent\" data-id=\"879dcd5\" data-element_type=\"container\" data-e-type=\"container\">\n\t\t\t\t\t<div class=\"e-con-inner\">\n\t\t<div class=\"elementor-element elementor-element-45abaa3 e-con-full e-flex e-con e-child\" data-id=\"45abaa3\" data-element_type=\"container\" data-e-type=\"container\">\n\t\t\t\t<div class=\"elementor-element elementor-element-7bf1c97 elementor-widget elementor-widget-heading\" data-id=\"7bf1c97\" data-element_type=\"widget\" data-e-type=\"widget\" data-widget_type=\"heading.default\">\n\t\t\t\t\t<div class=\"elementor-heading-title elementor-size-default\">Seit 1979 verw\u00f6hnen wir mit Herz und Tradition.<\/div>\t\t\t\t<\/div>\n\t\t\t\t<div class=\"elementor-element elementor-element-8426cf7 elementor-widget elementor-widget-heading\" data-id=\"8426cf7\" data-element_type=\"widget\" data-e-type=\"widget\" data-widget_type=\"heading.default\">\n\t\t\t\t\t<h2 class=\"elementor-heading-title elementor-size-default\">45 Jahre Gastfreundschaft im Herzen des Zillertals\n<\/h2>\t\t\t\t<\/div>\n\t\t\t\t<div class=\"elementor-element elementor-element-5e84ef4 elementor-widget-divider--view-line elementor-widget elementor-widget-divider\" data-id=\"5e84ef4\" data-element_type=\"widget\" data-e-type=\"widget\" data-widget_type=\"divider.default\">\n\t\t\t\t\t\t\t<div class=\"elementor-divider\">\n\t\t\t<span class=\"elementor-divider-separator\">\n\t\t\t\t\t\t<\/span>\n\t\t<\/div>\n\t\t\t\t\t\t<\/div>\n\t\t\t\t<div class=\"elementor-element elementor-element-4bbf692 elementor-widget elementor-widget-text-editor\" data-id=\"4bbf692\" data-element_type=\"widget\" data-e-type=\"widget\" data-widget_type=\"text-editor.default\">\n\t\t\t\t\t\t\t\t\t<p>Wir freuen uns \u00fcber das langj\u00e4hrige Bestehen, seit 1979, unseres familiengef\u00fchrten Hotels im Tiroler Bergdorf Gerlos im idyllischen Zillertal. Jeden Tag aufs Neue sind wir bestrebt, unser Haus Sch\u00f6nruh mit Leidenschaft fortzuf\u00fchren und den G\u00e4sten einen erholsamen sowie unvergesslichen Urlaub in famili\u00e4rem Ambiente zu bieten.<\/p>\t\t\t\t\t\t\t\t<\/div>\n\t\t\t\t<\/div>\n\t\t\t\t\t<\/div>\n\t\t\t\t<\/div>\n\t\t<div class=\"elementor-element elementor-element-6898e8f e-con-full e-flex e-con e-parent\" data-id=\"6898e8f\" data-element_type=\"container\" data-e-type=\"container\" data-settings=\"{&quot;background_background&quot;:&quot;classic&quot;}\">\n\t\t<div class=\"elementor-element elementor-element-b580192 e-con-full e-flex e-con e-child\" data-id=\"b580192\" data-element_type=\"container\" data-e-type=\"container\">\n\t\t\t\t<div class=\"elementor-element elementor-element-a4046cf elementor-widget elementor-widget-heading\" data-id=\"a4046cf\" data-element_type=\"widget\" data-e-type=\"widget\" data-widget_type=\"heading.default\">\n\t\t\t\t\t<div class=\"elementor-heading-title elementor-size-default\">Gemeinsam schaffen wir unvergessliche Momente<\/div>\t\t\t\t<\/div>\n\t\t\t\t<div class=\"elementor-element elementor-element-b1ccc74 elementor-widget elementor-widget-heading\" data-id=\"b1ccc74\" data-element_type=\"widget\" data-e-type=\"widget\" data-widget_type=\"heading.default\">\n\t\t\t\t\t<h2 class=\"elementor-heading-title elementor-size-default\">Wo Gastfreundschaft eine Familie ist.<\/h2>\t\t\t\t<\/div>\n\t\t\t\t<div class=\"elementor-element elementor-element-32a1c5e elementor-widget elementor-widget-text-editor\" data-id=\"32a1c5e\" data-element_type=\"widget\" data-e-type=\"widget\" data-widget_type=\"text-editor.default\">\n\t\t\t\t\t\t\t\t\t<p>Gemeinsam mit unserem Team sorgen wir daf\u00fcr, dass sich unsere G\u00e4ste bei uns wohlf\u00fchlen, denn der Gast steht im Mittelpunkt unserer t\u00e4glichen Motivation und wir \u00fcberzeugen durch pers\u00f6nlichen Einsatz und Herzlichkeit. Um den individuellen Vorstellungen seines Urlaubes zu gerecht zu werden, schaffen wir f\u00fcr den Gast eindrucksvolle Erlebnisse, die ihm positiv in Erinnerung bleiben und die er gerne weitererz\u00e4hlt.<\/p>\n<p><strong>Wir stehen f\u00fcr Gastfreundschaft, die von Herzen kommt.&nbsp;<\/strong><\/p>\n<p><strong>Ihre Gastgeberfamilie Krupik<br><\/strong><\/p>\t\t\t\t\t\t\t\t<\/div>\n\t\t\t\t<\/div>\n\t\t<div class=\"elementor-element elementor-element-d7fc4d2 e-con-full e-flex e-con e-child\" data-id=\"d7fc4d2\" data-element_type=\"container\" data-e-type=\"container\" data-settings=\"{&quot;background_background&quot;:&quot;classic&quot;}\">\n\t\t\t\t<div class=\"elementor-element elementor-element-1327ade elementor-widget elementor-widget-lastudio-advanced-carousel\" data-id=\"1327ade\" data-element_type=\"widget\" data-e-type=\"widget\" data-widget_type=\"lastudio-advanced-carousel.default\">\n\t\t\t\t<div class=\"elementor-widget-container\">\n\t\t\t\t\t<div class=\"lastudio-carousel-wrap lastudio-equal-cols lastudio-advance-carousel-layout-banners\" style=\"--elm-slide-item: 1\">\n\t<div class=\"lastudio-carousel js-el\" data-slider_config=\"{&quot;slidesToShow&quot;:{&quot;desktop&quot;:1,&quot;laptop&quot;:1,&quot;tablet&quot;:1,&quot;mobile_extra&quot;:1,&quot;mobile&quot;:1},&quot;autoplaySpeed&quot;:5000,&quot;autoplay&quot;:true,&quot;infinite&quot;:true,&quot;pauseOnHover&quot;:false,&quot;speed&quot;:500,&quot;arrows&quot;:true,&quot;dots&quot;:false,&quot;slidesToScroll&quot;:1,&quot;prevArrow&quot;:&quot;&lt;button class=\\&quot;lastudio-arrow prev-arrow slick-prev\\&quot;&gt;&lt;i class=\\&quot;lastudioicon-left-arrow\\&quot;&gt;&lt;\\\/i&gt;&lt;\\\/button&gt;&quot;,&quot;variableWidth&quot;:false,&quot;nextArrow&quot;:&quot;&lt;button class=\\&quot;lastudio-arrow next-arrow slick-next\\&quot;&gt;&lt;i class=\\&quot;lastudioicon-right-arrow\\&quot;&gt;&lt;\\\/i&gt;&lt;\\\/button&gt;&quot;,&quot;rtl&quot;:false,&quot;fade&quot;:false}\" dir=\"ltr\" data-la_component=\"AutoCarousel\"><div class=\"lastudio-carousel__item\">\n    <div class=\"lastudio-carousel__item-inner\">\n        <figure class=\"lastudio-banner la-lazyload-image lastudio-effect-none\" data-background-image=\"https:\/\/www.schoenruh.com\/wp-content\/uploads\/2024\/06\/Hotel-Schoenruh-Gerlos-Familie-Kupik-1024x683.jpg\"><div class=\"lastudio-banner__overlay\"><\/div><img loading=\"lazy\" decoding=\"async\" src=\"data:image\/gif;base64,R0lGODlhAQABAIAAAP\/\/\/wAAACH5BAEAAAAALAAAAAABAAEAAAICRAEAOw==\" data-src=\"https:\/\/www.schoenruh.com\/wp-content\/uploads\/2024\/06\/Hotel-Schoenruh-Gerlos-Familie-Kupik-1024x683.jpg\" alt=\"\" loading=\"lazy\" class=\"la-lazyload-image lastudio-banner__img\" width=\"1024\" height=\"683\" srcset=\"data:image\/gif;base64,R0lGODlhAQABAIAAAP\/\/\/wAAACH5BAEAAAAALAAAAAABAAEAAAICRAEAOw==\"><figcaption class=\"lastudio-banner__content\"><div class=\"lastudio-banner__content-wrap\"><\/div><\/figcaption><\/figure>\n    <\/div>\n<\/div>\n<\/div><\/div>\t\t\t\t<\/div>\n\t\t\t\t<\/div>\n\t\t\t\t<\/div>\n\t\t\t\t<\/div>\n\t\t<div class=\"elementor-element elementor-element-dc35634 e-con-full e-flex e-con e-parent\" data-id=\"dc35634\" data-element_type=\"container\" data-e-type=\"container\" data-settings=\"{&quot;background_background&quot;:&quot;classic&quot;}\">\n\t\t<div class=\"elementor-element elementor-element-5514d57 e-con-full e-flex e-con e-child\" data-id=\"5514d57\" data-element_type=\"container\" data-e-type=\"container\">\n\t\t\t\t<div class=\"elementor-element elementor-element-68af81c elementor-widget elementor-widget-heading\" data-id=\"68af81c\" data-element_type=\"widget\" data-e-type=\"widget\" data-widget_type=\"heading.default\">\n\t\t\t\t\t<div class=\"elementor-heading-title elementor-size-default\">Hotel Sch\u00f6nruh Gerlos<\/div>\t\t\t\t<\/div>\n\t\t\t\t<div class=\"elementor-element elementor-element-1c727e4 elementor-widget elementor-widget-heading\" data-id=\"1c727e4\" data-element_type=\"widget\" data-e-type=\"widget\" data-widget_type=\"heading.default\">\n\t\t\t\t\t<h2 class=\"elementor-heading-title elementor-size-default\">Ein Ort f\u00fcr besondere Momente\n<\/h2>\t\t\t\t<\/div>\n\t\t\t\t<div class=\"elementor-element elementor-element-4df4777 elementor-widget elementor-widget-text-editor\" data-id=\"4df4777\" data-element_type=\"widget\" data-e-type=\"widget\" data-widget_type=\"text-editor.default\">\n\t\t\t\t\t\t\t\t\t<p>Wir sind im deutschsprachigen Raum f\u00fcr die besonderen Urlaubsmomente bekannt. Ob aktiv in der Natur, beim Relaxen oder bei einer \u201eK\u00fcchenparty\u201c: Durch unser Tun und Handeln schaffen wir unverwechselbare Momente f\u00fcr unsere G\u00e4ste.<br \/><strong> Jeder Gast kann eine gute Geschichte \u00fcber seinen besonderen Sch\u00f6nruh-Moment erz\u00e4hlen<\/strong>.<\/p>\t\t\t\t\t\t\t\t<\/div>\n\t\t\t\t<\/div>\n\t\t<div class=\"elementor-element elementor-element-8e00e85 e-con-full e-flex e-con e-child\" data-id=\"8e00e85\" data-element_type=\"container\" data-e-type=\"container\" data-settings=\"{&quot;background_background&quot;:&quot;classic&quot;}\">\n\t\t\t\t<div class=\"elementor-element elementor-element-e31ae24 elementor-widget elementor-widget-lastudio-advanced-carousel\" data-id=\"e31ae24\" data-element_type=\"widget\" data-e-type=\"widget\" data-widget_type=\"lastudio-advanced-carousel.default\">\n\t\t\t\t<div class=\"elementor-widget-container\">\n\t\t\t\t\t<div class=\"lastudio-carousel-wrap lastudio-equal-cols lastudio-advance-carousel-layout-banners\" style=\"--elm-slide-item: 1\">\n\t<div class=\"lastudio-carousel js-el\" data-slider_config=\"{&quot;slidesToShow&quot;:{&quot;desktop&quot;:1,&quot;laptop&quot;:1,&quot;tablet&quot;:1,&quot;mobile_extra&quot;:1,&quot;mobile&quot;:1},&quot;autoplaySpeed&quot;:5000,&quot;autoplay&quot;:true,&quot;infinite&quot;:true,&quot;pauseOnHover&quot;:false,&quot;speed&quot;:500,&quot;arrows&quot;:true,&quot;dots&quot;:false,&quot;slidesToScroll&quot;:1,&quot;prevArrow&quot;:&quot;&lt;button class=\\&quot;lastudio-arrow prev-arrow slick-prev\\&quot;&gt;&lt;i class=\\&quot;lastudioicon-left-arrow\\&quot;&gt;&lt;\\\/i&gt;&lt;\\\/button&gt;&quot;,&quot;variableWidth&quot;:false,&quot;nextArrow&quot;:&quot;&lt;button class=\\&quot;lastudio-arrow next-arrow slick-next\\&quot;&gt;&lt;i class=\\&quot;lastudioicon-right-arrow\\&quot;&gt;&lt;\\\/i&gt;&lt;\\\/button&gt;&quot;,&quot;rtl&quot;:false,&quot;fade&quot;:false}\" dir=\"ltr\" data-la_component=\"AutoCarousel\"><div class=\"lastudio-carousel__item\">\n    <div class=\"lastudio-carousel__item-inner\">\n        <figure class=\"lastudio-banner la-lazyload-image lastudio-effect-none\" data-background-image=\"http:\/\/www.schoenruh.com\/wp-content\/uploads\/2024\/06\/Hotel-Schoenruh-Gerlos-Familie-Kupik-00002.jpg\"><div class=\"lastudio-banner__overlay\"><\/div><img loading=\"lazy\" decoding=\"async\" src=\"data:image\/gif;base64,R0lGODlhAQABAIAAAP\/\/\/wAAACH5BAEAAAAALAAAAAABAAEAAAICRAEAOw==\" data-src=\"https:\/\/www.schoenruh.com\/wp-content\/uploads\/2024\/06\/Hotel-Schoenruh-Gerlos-Familie-Kupik-00002.jpg\" alt=\"\" loading=\"lazy\" class=\"la-lazyload-image lastudio-banner__img\" width=\"1909\" height=\"1075\" srcset=\"data:image\/gif;base64,R0lGODlhAQABAIAAAP\/\/\/wAAACH5BAEAAAAALAAAAAABAAEAAAICRAEAOw==\"><figcaption class=\"lastudio-banner__content\"><div class=\"lastudio-banner__content-wrap\"><\/div><\/figcaption><\/figure>\n    <\/div>\n<\/div>\n<\/div><\/div>\t\t\t\t<\/div>\n\t\t\t\t<\/div>\n\t\t\t\t<\/div>\n\t\t\t\t<\/div>\n\t\t<div class=\"elementor-element elementor-element-48de7bd e-con-full e-flex e-con e-parent\" data-id=\"48de7bd\" data-element_type=\"container\" data-e-type=\"container\" data-settings=\"{&quot;background_background&quot;:&quot;classic&quot;}\">\n\t\t<div class=\"elementor-element elementor-element-3e85f26 e-con-full e-flex e-con e-child\" data-id=\"3e85f26\" data-element_type=\"container\" data-e-type=\"container\">\n\t\t\t\t<div class=\"elementor-element elementor-element-d35aef4 elementor-widget elementor-widget-heading\" data-id=\"d35aef4\" data-element_type=\"widget\" data-e-type=\"widget\" data-widget_type=\"heading.default\">\n\t\t\t\t\t<div class=\"elementor-heading-title elementor-size-default\">Hotel Sch\u00f6nruh Gerlos<\/div>\t\t\t\t<\/div>\n\t\t\t\t<div class=\"elementor-element elementor-element-7aebf72 elementor-widget elementor-widget-heading\" data-id=\"7aebf72\" data-element_type=\"widget\" data-e-type=\"widget\" data-widget_type=\"heading.default\">\n\t\t\t\t\t<h2 class=\"elementor-heading-title elementor-size-default\">Wir schreiben echt gute Geschichten\n<\/h2>\t\t\t\t<\/div>\n\t\t\t\t<div class=\"elementor-element elementor-element-def805c elementor-widget elementor-widget-text-editor\" data-id=\"def805c\" data-element_type=\"widget\" data-e-type=\"widget\" data-widget_type=\"text-editor.default\">\n\t\t\t\t\t\t\t\t\t<p>Wir betreuen den Gast pers\u00f6nlich, um die individuellen Vorstellungen seines Urlaubes zu erfahren und schaffen so eindrucksvolle Erlebnisse, die der Gast positiv in Erinnerung beh\u00e4lt und gerne weitererz\u00e4hlt.<\/p>\t\t\t\t\t\t\t\t<\/div>\n\t\t\t\t<\/div>\n\t\t<div class=\"elementor-element elementor-element-90a09c1 e-con-full e-flex e-con e-child\" data-id=\"90a09c1\" data-element_type=\"container\" data-e-type=\"container\" data-settings=\"{&quot;background_background&quot;:&quot;classic&quot;}\">\n\t\t\t\t<div class=\"elementor-element elementor-element-de69917 elementor-widget elementor-widget-lastudio-advanced-carousel\" data-id=\"de69917\" data-element_type=\"widget\" data-e-type=\"widget\" data-widget_type=\"lastudio-advanced-carousel.default\">\n\t\t\t\t<div class=\"elementor-widget-container\">\n\t\t\t\t\t<div class=\"lastudio-carousel-wrap lastudio-equal-cols lastudio-advance-carousel-layout-banners\" style=\"--elm-slide-item: 1\">\n\t<div class=\"lastudio-carousel js-el\" data-slider_config=\"{&quot;slidesToShow&quot;:{&quot;desktop&quot;:1,&quot;laptop&quot;:1,&quot;tablet&quot;:1,&quot;mobile_extra&quot;:1,&quot;mobile&quot;:1},&quot;autoplaySpeed&quot;:5000,&quot;autoplay&quot;:true,&quot;infinite&quot;:true,&quot;pauseOnHover&quot;:false,&quot;speed&quot;:500,&quot;arrows&quot;:true,&quot;dots&quot;:false,&quot;slidesToScroll&quot;:1,&quot;prevArrow&quot;:&quot;&lt;button class=\\&quot;lastudio-arrow prev-arrow slick-prev\\&quot;&gt;&lt;i class=\\&quot;lastudioicon-left-arrow\\&quot;&gt;&lt;\\\/i&gt;&lt;\\\/button&gt;&quot;,&quot;variableWidth&quot;:false,&quot;nextArrow&quot;:&quot;&lt;button class=\\&quot;lastudio-arrow next-arrow slick-next\\&quot;&gt;&lt;i class=\\&quot;lastudioicon-right-arrow\\&quot;&gt;&lt;\\\/i&gt;&lt;\\\/button&gt;&quot;,&quot;rtl&quot;:false,&quot;fade&quot;:false}\" dir=\"ltr\" data-la_component=\"AutoCarousel\"><div class=\"lastudio-carousel__item\">\n    <div class=\"lastudio-carousel__item-inner\">\n        <figure class=\"lastudio-banner la-lazyload-image lastudio-effect-none\" data-background-image=\"http:\/\/www.schoenruh.com\/wp-content\/uploads\/2024\/06\/Familie-Kupik-Hotel-Schoenruh-Gerlos.jpg\"><div class=\"lastudio-banner__overlay\"><\/div><img loading=\"lazy\" decoding=\"async\" src=\"data:image\/gif;base64,R0lGODlhAQABAIAAAP\/\/\/wAAACH5BAEAAAAALAAAAAABAAEAAAICRAEAOw==\" data-src=\"https:\/\/www.schoenruh.com\/wp-content\/uploads\/2024\/06\/Familie-Kupik-Hotel-Schoenruh-Gerlos.jpg\" alt=\"\" loading=\"lazy\" class=\"la-lazyload-image lastudio-banner__img\" width=\"1283\" height=\"897\" srcset=\"data:image\/gif;base64,R0lGODlhAQABAIAAAP\/\/\/wAAACH5BAEAAAAALAAAAAABAAEAAAICRAEAOw==\"><figcaption class=\"lastudio-banner__content\"><div class=\"lastudio-banner__content-wrap\"><\/div><\/figcaption><\/figure>\n    <\/div>\n<\/div>\n<\/div><\/div>\t\t\t\t<\/div>\n\t\t\t\t<\/div>\n\t\t\t\t<\/div>\n\t\t\t\t<\/div>\n\t\t<div class=\"elementor-element elementor-element-71dc082 e-flex e-con-boxed e-con e-parent\" data-id=\"71dc082\" data-element_type=\"container\" data-e-type=\"container\" data-settings=\"{&quot;background_background&quot;:&quot;slideshow&quot;,&quot;background_motion_fx_translateY_effect&quot;:&quot;yes&quot;,&quot;background_motion_fx_translateY_affectedRange&quot;:{&quot;unit&quot;:&quot;%&quot;,&quot;size&quot;:&quot;&quot;,&quot;sizes&quot;:{&quot;start&quot;:20,&quot;end&quot;:79}},&quot;background_slideshow_gallery&quot;:[{&quot;id&quot;:3723,&quot;url&quot;:&quot;http:\\\/\\\/www.schoenruh.com\\\/wp-content\\\/uploads\\\/2024\\\/06\\\/Hotel-Schoenruh-Gerlos-Restaurant-00008.jpg&quot;},{&quot;id&quot;:3718,&quot;url&quot;:&quot;http:\\\/\\\/www.schoenruh.com\\\/wp-content\\\/uploads\\\/2024\\\/06\\\/Hotel-Schoenruh-Gerlos-Restaurant-00003.jpg&quot;}],&quot;background_slideshow_ken_burns&quot;:&quot;yes&quot;,&quot;background_slideshow_loop&quot;:&quot;yes&quot;,&quot;background_slideshow_slide_duration&quot;:5000,&quot;background_slideshow_slide_transition&quot;:&quot;fade&quot;,&quot;background_slideshow_transition_duration&quot;:500,&quot;background_slideshow_ken_burns_zoom_direction&quot;:&quot;in&quot;,&quot;background_motion_fx_translateY_speed&quot;:{&quot;unit&quot;:&quot;px&quot;,&quot;size&quot;:3,&quot;sizes&quot;:[]},&quot;background_motion_fx_devices&quot;:[&quot;desktop&quot;,&quot;tablet&quot;,&quot;mobile&quot;]}\">\n\t\t\t\t\t<div class=\"e-con-inner\">\n\t\t<div class=\"elementor-element elementor-element-20ee7ef e-con-full e-flex e-con e-child\" data-id=\"20ee7ef\" data-element_type=\"container\" data-e-type=\"container\">\n\t\t\t\t<div class=\"elementor-element elementor-element-4049b62 elementor-widget-mobile__width-inherit elementor-widget elementor-widget-heading\" data-id=\"4049b62\" data-element_type=\"widget\" data-e-type=\"widget\" data-widget_type=\"heading.default\">\n\t\t\t\t\t<div class=\"elementor-heading-title elementor-size-default\">Hotel Sch\u00f6nruh Gerlos<\/div>\t\t\t\t<\/div>\n\t\t\t\t<div class=\"elementor-element elementor-element-ab7c3d9 elementor-widget-mobile__width-inherit elementor-widget elementor-widget-heading\" data-id=\"ab7c3d9\" data-element_type=\"widget\" data-e-type=\"widget\" data-widget_type=\"heading.default\">\n\t\t\t\t\t<h2 class=\"elementor-heading-title elementor-size-default\">Bereit f\u00fcr deinen Traumurlaub?<\/h2>\t\t\t\t<\/div>\n\t\t\t\t<div class=\"elementor-element elementor-element-2fd3958 elementor-widget__width-initial elementor-widget-mobile__width-inherit elementor-widget elementor-widget-text-editor\" data-id=\"2fd3958\" data-element_type=\"widget\" data-e-type=\"widget\" data-widget_type=\"text-editor.default\">\n\t\t\t\t\t\t\t\t\t<p>Dann z\u00f6gern Sie nicht l\u00e4nger und buchen Sie jetzt direkt online! Wir freuen uns darauf, Sie im Hotel Sch\u00f6nruh willkommen zu hei\u00dfen und Ihnen eine unvergessliche Zeit in den Tiroler Alpen zu bereiten.<\/p>\n<p>Buchen Sie jetzt und erleben Sie Tiroler Gastlichkeit in ihrer sch\u00f6nsten Form!<\/p>\t\t\t\t\t\t\t\t<\/div>\n\t\t\t\t<div class=\"elementor-element elementor-element-c049c80 elementor-widget elementor-widget-button\" data-id=\"c049c80\" data-element_type=\"widget\" data-e-type=\"widget\" data-widget_type=\"button.default\">\n\t\t\t\t\t\t\t\t\t\t<a class=\"elementor-button elementor-button-link elementor-size-sm\" href=\"https:\/\/booking.s8.hotellogin.cloud\/customer\/schoenruh\" target=\"_blank\" rel=\"noopener\">\n\t\t\t\t\t\t<span class=\"elementor-button-content-wrapper\">\n\t\t\t\t\t\t\t\t\t<span class=\"elementor-button-text\">Jetzt Online Buchen<\/span>\n\t\t\t\t\t<\/span>\n\t\t\t\t\t<\/a>\n\t\t\t\t\t\t\t\t<\/div>\n\t\t\t\t<\/div>\n\t\t\t\t\t<\/div>\n\t\t\t\t<\/div>\n\t\t\t\t<\/div>\n\t\t","protected":false},"excerpt":{"rendered":"<p>Hotel Sch\u00f6nruh Gerlos \u00dcber Uns Seit 1979 verw\u00f6hnen wir mit Herz und Tradition. 45 Jahre Gastfreundschaft im Herzen des Zillertals Wir freuen uns \u00fcber das langj\u00e4hrige Bestehen, seit 1979, unseres familiengef\u00fchrten Hotels im Tiroler Bergdorf Gerlos im [&hellip;]<\/p>\n","protected":false},"author":2,"featured_media":0,"parent":2888,"menu_order":0,"comment_status":"closed","ping_status":"closed","template":"","meta":{"footnotes":""},"class_list":["post-3026","page","type-page","status-publish","hentry"],"_links":{"self":[{"href":"https:\/\/www.schoenruh.com\/de\/wp-json\/wp\/v2\/pages\/3026","targetHints":{"allow":["GET"]}}],"collection":[{"href":"https:\/\/www.schoenruh.com\/de\/wp-json\/wp\/v2\/pages"}],"about":[{"href":"https:\/\/www.schoenruh.com\/de\/wp-json\/wp\/v2\/types\/page"}],"author":[{"embeddable":true,"href":"https:\/\/www.schoenruh.com\/de\/wp-json\/wp\/v2\/users\/2"}],"replies":[{"embeddable":true,"href":"https:\/\/www.schoenruh.com\/de\/wp-json\/wp\/v2\/comments?post=3026"}],"version-history":[{"count":0,"href":"https:\/\/www.schoenruh.com\/de\/wp-json\/wp\/v2\/pages\/3026\/revisions"}],"up":[{"embeddable":true,"href":"https:\/\/www.schoenruh.com\/de\/wp-json\/wp\/v2\/pages\/2888"}],"wp:attachment":[{"href":"https:\/\/www.schoenruh.com\/de\/wp-json\/wp\/v2\/media?parent=3026"}],"curies":[{"name":"wp","href":"https:\/\/api.w.org\/{rel}","templated":true}]}}