{"id":3110,"date":"2024-06-09T22:52:14","date_gmt":"2024-06-09T22:52:14","guid":{"rendered":"http:\/\/chris.schoenruh.at\/?page_id=3110"},"modified":"2024-08-15T13:18:40","modified_gmt":"2024-08-15T13:18:40","slug":"datenschutz","status":"publish","type":"page","link":"https:\/\/www.schoenruh.com\/de\/service-kontakt\/datenschutz\/","title":{"rendered":"Datenschutz"},"content":{"rendered":"\t\t<div data-elementor-type=\"wp-page\" data-elementor-id=\"3110\" class=\"elementor elementor-3110\">\n\t\t\t\t<div class=\"elementor-element elementor-element-cdd8738 e-flex e-con-boxed e-con e-parent\" data-id=\"cdd8738\" data-element_type=\"container\" data-e-type=\"container\" data-settings=\"{&quot;background_background&quot;:&quot;classic&quot;}\">\n\t\t\t\t\t<div class=\"e-con-inner\">\n\t\t<div class=\"elementor-element elementor-element-0dc5623 e-con-full e-flex e-con e-child\" data-id=\"0dc5623\" data-element_type=\"container\" data-e-type=\"container\" data-settings=\"{&quot;background_background&quot;:&quot;video&quot;}\">\n\t\t\t\t<div class=\"elementor-element elementor-element-ffdef67 elementor-widget elementor-widget-heading\" data-id=\"ffdef67\" data-element_type=\"widget\" data-e-type=\"widget\" data-widget_type=\"heading.default\">\n\t\t\t\t\t<div class=\"elementor-heading-title elementor-size-default\">Hotel Sch\u00f6nruh Gerlos<\/div>\t\t\t\t<\/div>\n\t\t\t\t<div class=\"elementor-element elementor-element-a8b3a6b elementor-widget elementor-widget-heading\" data-id=\"a8b3a6b\" data-element_type=\"widget\" data-e-type=\"widget\" data-widget_type=\"heading.default\">\n\t\t\t\t\t<h2 class=\"elementor-heading-title elementor-size-default\">Datenschutz<\/h2>\t\t\t\t<\/div>\n\t\t\t\t<\/div>\n\t\t\t\t\t<\/div>\n\t\t\t\t<\/div>\n\t\t\t\t<div class=\"elementor-section elementor-top-section elementor-element elementor-element-2356a47 elementor-section-content-middle elementor-section-boxed elementor-section-height-default elementor-section-height-default\" data-id=\"2356a47\" data-element_type=\"section\" data-e-type=\"section\">\n\t\t\t\t\t\t<div class=\"elementor-container elementor-column-gap-no\">\n\t\t\t\t\t<div class=\"elementor-column elementor-col-100 elementor-top-column elementor-element elementor-element-cd13c19\" data-id=\"cd13c19\" data-element_type=\"column\" data-e-type=\"column\">\n\t\t\t<div class=\"elementor-widget-wrap elementor-element-populated\">\n\t\t\t\t\t\t<div class=\"elementor-element elementor-element-f15e829 elementor-widget elementor-widget-spacer\" data-id=\"f15e829\" data-element_type=\"widget\" data-e-type=\"widget\" data-widget_type=\"spacer.default\">\n\t\t\t\t\t\t\t<div class=\"elementor-spacer\">\n\t\t\t<div class=\"elementor-spacer-inner\"><\/div>\n\t\t<\/div>\n\t\t\t\t\t\t<\/div>\n\t\t\t\t<div class=\"elementor-element elementor-element-d017e7c elementor-widget elementor-widget-text-editor\" data-id=\"d017e7c\" data-element_type=\"widget\" data-e-type=\"widget\" data-widget_type=\"text-editor.default\">\n\t\t\t\t\t\t\t\t\t<h3>Datenschutzerkl\u00e4rung<\/h3>\n<p><\/p>\n<p>Hotel Sch\u00f6nruh GmbH<br>Gerlos 285<br>6281 Gerlos&nbsp;<\/p>\n<p>Die Datenschutzerkl\u00e4rung erstreckt sich auf das Verwenden und Erfassen pers\u00f6nlicher Daten, die bei Kontaktaufnahme unter Umst\u00e4nden erhoben werden, also beispielsweise dann, wenn Sie unsere Web-Site besuchen, wenn Sie Informationen anfragen, buchen, erwerben oder auch wenn Sie uns anrufen. In dem nachstehenden Dokument, werden Sie dar\u00fcber informiert, wie die Hotel Sch\u00f6nruh GmbH mit Ihren pers\u00f6nlichen Daten umgeht, welche Arten von Daten \u00fcberhaupt erfasst werden, wie und zu welchem Zweck diese Daten verwendet werden, an wen die Hotel Sch\u00f6nruh GmbH diese Daten weitergibt und wie die&nbsp;Hotel Sch\u00f6nruh GmbH Ihre pers\u00f6nlichen Daten sch\u00fctzt.<br>Ihre Pers\u00f6nlichkeitsrechte haben h\u00f6chste Priorit\u00e4t, und die&nbsp;Hotel Sch\u00f6nruh GmbH bem\u00fcht sich nach besten Kr\u00e4ften, diese Rechte zu sch\u00fctzen.<br>S\u00e4mtliche \u00fcber diese Datenschutzerkl\u00e4rung allenfalls hinausgehenden weitergehenden Datenschutzrechtlichen Verpflichtungen bleiben unber\u00fchrt.<\/p>\n<p><strong>Warum verarbeitet die Hotel Sch\u00f6nruh GmbH Ihre pers\u00f6nlichen Daten ?<\/strong><\/p>\n<p>Personenbezogene Daten, die Sie uns \u00fcber unsere Website oder Email \u00fcbermittelt haben, werden nur zur Korrespondenz mit Ihnen und nur f\u00fcr den Zweck verarbeitet, zu dem Sie uns Ihre Daten zur Verf\u00fcgung gestellt haben.<\/p>\n<p>Wir versichern, dass Ihre personenbezogenen Daten nicht an Dritte weitergegeben werden, es sei denn, dass gesetzliche Vorgaben dies verlangen.<\/p>\n<p>Der Nutzer wird darauf hingewiesen, dass im Falle der Weigerung der \u00dcbermittlung seiner personenbezogenen Daten bestimmte Dienste und Dienstleistungen dieser Website nicht gen\u00fctzt werden k\u00f6nnen (bspw. Newsletters, Buchungen, usw.).<\/p>\n<p>Dar\u00fcber hinaus helfen &#8222;Ihre pers\u00f6nlichen Daten&#8220; der Hotel Sch\u00f6nruh GmbH dabei, Sie \u00fcber die neuesten Produktank\u00fcndigungen, Sonderangebote und sonstige Entwicklungen auf dem Laufenden zu halten, die nach unserer Meinung f\u00fcr Sie interessant sein k\u00f6nnten.<br>Wenn Sie es nicht W\u00fcnschen, \u00fcber die neuesten Entwicklungen sowie aktuellen Produkt- und Service-Informationen auf dem Laufenden gehalten zu werden, k\u00f6nnen Sie uns dies jederzeit mitteilen.<\/p>\n<p>Erm\u00f6glichung und Ausf\u00fchrung der Buchung des Gastes; Durchf\u00fchrung des Aufenthalts des Gastes; Abstimmung des Aufenthalts auf W\u00fcnsche und Interessen des Gastes; M\u00f6glichkeit, auch in Zukunft Dienste in \u00dcbereinstimmung mit Interessen des Gastes anzubieten; Marketing im Zusammenhang mit Leistungen des Hotels und Verbesserung der Leistungen des Hotels<\/p>\n<p><strong>Welche Daten werden Erfasst und was geschieht damit?&nbsp;<\/strong><\/p>\n<p>Es werden von Ihnen stets nur Daten erhoben, die f\u00fcr den jeweiligen Vorgang relevant sind. Hierzu geh\u00f6ren beispielsweise Name, Postanschrift, E-Mail-Adresse, Telefonnummer und die bevorzugte Methode der Kontaktaufnahme. Dar\u00fcber hinaus erfasst die Hotel Sch\u00f6nruh GmbH Informationen zu Marktforschungszwecken, um unsere Kunden besser kennen zu lernen und Ihnen dadurch einen effektiveren Service bieten zu k\u00f6nnen. Des Weiteren erfasst die Hotel Sch\u00f6nruh GmbH Daten zu den Kundenaktivit\u00e4ten auf unserer Web-Site. Anhand dieser Daten kann die&nbsp;Hotel Sch\u00f6nruh GmbH ermitteln, welche Informationen f\u00fcr unsere Kunden wirklich n\u00fctzlich sind und welche Bereiche unserer Web-Sites und Internet-Services sie am meisten interessieren.<\/p>\n<p>Die uns zur Verf\u00fcgung gestellten Daten werden nur so lange gespeichert, bis der Zweck erf\u00fcllt ist, zu dem sie uns anvertraut wurden. Sofern gesetzliche Aufbewahrungsfristen zu beachten sind, werden diese eingehalten. Sollten Sie mit der Speicherung Ihrer personenbezogenen Daten nicht mehr einverstanden sein, werden wir die gespeicherten Daten auf Ihre Weisung hin l\u00f6schen. Haben sich ihre personenbezogenen Daten ge\u00e4ndert, werden wir diese nach Ihrer Information richtigstellen.<\/p>\n<p>Die&nbsp;Hotel Sch\u00f6nruh GmbH nimmt den Schutz Ihrer Pers\u00f6nlichkeitsrechte sehr ernst.<br>Deshalb versichert Ihnen die&nbsp;Hotel Sch\u00f6nruh GmbH, dass Ihre Kontaktdaten an andere Anbieter weder verkauft noch verliehen werden. Damit wir Ihnen aber verschiedene Dienste anbieten k\u00f6nnen, gibt die&nbsp;Hotel Sch\u00f6nruh GmbH Ihre pers\u00f6nlichen Daten unter Umst\u00e4nden an juristische Personen weiter, die jedoch verpflichtet sind, diese Daten im Einklang mit der Datenschutzerkl\u00e4rung zu sch\u00fctzen. Mitunter kann es f\u00fcr die&nbsp;Hotel Sch\u00f6nruh GmbH von Vorteil sein, bestimmte pers\u00f6nliche Daten von Ihnen anderen Unternehmen zur Verf\u00fcgung zu stellen, mit denen die&nbsp;Hotel Sch\u00f6nruh GmbH eine strategische Partnerschaft eingegangen ist oder die f\u00fcr die&nbsp;Hotel Sch\u00f6nruh GmbH t\u00e4tig sind, um Ihnen in unserem Namen Produkte und Leistungen zu liefern. Diese Unternehmen k\u00f6nnen uns dabei helfen, Informationen zu verarbeiten, Kundenbestellungen auszuf\u00fchren, Produkte an Sie zu liefern, Kundendaten zu verwalten und zu pflegen, einen Kundendienst zur Verf\u00fcgung zu stellen, Ihr Interesse an unseren Produkten und Leistungen zu bewerten, Kundenforschung zu betreiben oder Umfragen zur Kundenzufriedenheit durchzuf\u00fchren. Auch diese Unternehmen sind verpflichtet, Ihre pers\u00f6nlichen Daten im Einklang mit unserer Datenschutzerkl\u00e4rung zum Schutz der Pers\u00f6nlichkeitsrechte zu sch\u00fctzen. Mitunter kann die&nbsp;Hotel Sch\u00f6nruh GmbH von gesetzlichen Bestimmungen oder Rechtsvorg\u00e4ngen gezwungen sein, Ihre pers\u00f6nlichen Daten offen zu legen.<\/p>\n<p>In einem Auftragsdatenverarbeitungs-Verzeichnis (ADV Verzeichnis) wird manuell erfasst, welche externen Firmen die Daten bekommen k\u00f6nnten (Meldewesen der Gemeinde bzw. Feratel, Postdienstleister, CRM Systeme, externe Bookings, externe Anfragemanager)<br>Ebenso werden Sicherheitsvorkehrungen getroffen, die zum Schutz der Pers\u00f6nlichkeitsrechte innerhalb des Unternehmens greifen.<br>Die Web-Site enth\u00e4lt Links zu Web-Sites anderer Unternehmen. F\u00fcr den Umgang dieser Unternehmen mit Pers\u00f6nlichkeitsrechten ist die Hotel Sch\u00f6nruh GmbH nicht verantwortlich. Die Hotel Sch\u00f6nruh&nbsp;GmbH empfiehlt Ihnen daher, sich bei diesen Unternehmen nach deren Datenschutzerkl\u00e4rung zu erkundigen.<\/p>\n<p>Um die Sicherheit Ihrer Daten bei der \u00dcbertragung zu sch\u00fctzen, verwendet die Webseite an bestimmten Stellen ein dem aktuellen Stand der Technik entsprechendes Verschl\u00fcsselungsverfahren (z. B. SSL) \u00fcber HTTPS&nbsp;<\/p>\n<p style=\"font-style: normal; font-variant-ligatures: normal; font-variant-caps: normal; font-size: 16px; font-family: Poppins;\"><b>Datenweitergabe an Dritte&nbsp;<\/b><\/p>\n<p>an Dienstleister und deren Hilfspersonen, die Cloud-basierte Software- und<br>Datenverarbeitungsl\u00f6sungen f\u00fcr das Hotel anbieten, und im Auftrag des Hotels Daten des Gastes<br>(zu obigen Zwecken) auswerten und verarbeiten<strong><br><\/strong><\/p>\n<p><strong>\u00c4nderung unserer Datenschutzbestimmungen<\/strong><\/p>\n<p>Wir behalten uns vor, diese Datenschutzerkl\u00e4rung gelegentlich anzupassen, damit sie stets den aktuellen rechtlichen Anforderungen entspricht oder um \u00c4nderungen unserer Leistungen in der Datenschutzerkl\u00e4rung umzusetzen, z. B. bei der Einf\u00fchrung neuer Services. F\u00fcr Ihren erneuten Besuch gilt dann die neue Datenschutzerkl\u00e4rung.<\/p>\n<p>an Dienstleister und deren Hilfspersonen, die Cloud-basierte Software- und<br>Datenverarbeitungsl\u00f6sungen f\u00fcr das Hotel anbieten, und im Auftrag des Hotels Daten des Gastes<br>(zu obigen Zwecken) auswerten und verarbeiten<strong><br>Sie haben noch Fragen?<br><\/strong><br>Selbstverst\u00e4ndlich k\u00f6nnen Sie bei der Hotel Sch\u00f6nruh GmbH erfragen, welche Daten von der Hotel Sch\u00f6nruh GmbH \u00fcber Sie verarbeitet werden, woher diese Daten stammen, wozu sie verwendet und an wen sie \u00fcbermittelt werden. Ebenfalls k\u00f6nnen Sie nat\u00fcrlich falsche Daten richtig stellen bzw unzul\u00e4ssigerweise verarbeitete Daten l\u00f6schen lassen. Es gelten die Bestimmungen des Datenschutzgesetz.<\/p>\n<p>Hotel Sch\u00f6nruh GmbH<br>Gerlos 285<br>6281 Gerlos&nbsp;<br>info@schoenruh.com&nbsp;<\/p>\n<p><strong>Verwendung von Google Analytics<\/strong><\/p>\n<p>Diese Webseite benutzt Google Analytics, einen Webanalysedienst der Google Inc. (\u201eGoogle\u201c). Google Analytics verwendet sog. \u201eCookies\u201c, Textdateien, die auf Ihrem Computer gespeichert werden und die eine Analyse der Benutzung der Webseite durch Sie erm\u00f6glichen. Die durch den Cookie erzeugten Informationen \u00fcber Ihre Benutzung dieser Webseite werden in der Regel an einen Server von Google in den USA \u00fcbertragen und dort gespeichert. Aufgrund der Aktivierung der IP-Anonymisierung auf diesen Webseiten, wird Ihre IP-Adresse von Google jedoch innerhalb von Mitgliedstaaten der Europ\u00e4ischen Union oder in anderen Vertragsstaaten des Abkommens \u00fcber den Europ\u00e4ischen Wirtschaftsraum zuvor gek\u00fcrzt. Nur in Ausnahmef\u00e4llen wird die volle IP-Adresse an einen Server von Google in den USA \u00fcbertragen und dort gek\u00fcrzt. Im Auftrag des Betreibers dieser Webseite wird Google diese Informationen benutzen, um Ihre Nutzung der Webseite auszuwerten, um Reports \u00fcber die Webseitenaktivit\u00e4ten zusammenzustellen und um weitere mit der Webseitennutzung und der Internetnutzung verbundene Dienstleistungen gegen\u00fcber dem Webseitenbetreiber zu erbringen. Die im Rahmen von Google Analytics von Ihrem Browser \u00fcbermittelte IP-Adresse wird nicht mit anderen Daten von Google zusammengef\u00fchrt. Sie k\u00f6nnen die Speicherung der Cookies durch eine entsprechende Einstellung Ihrer Browser-Software verhindern; wir weisen Sie jedoch darauf hin, dass Sie in diesem Fall gegebenenfalls nicht s\u00e4mtliche Funktionen dieser Webseite vollumf\u00e4nglich werden nutzen k\u00f6nnen. Sie k\u00f6nnen dar\u00fcber hinaus die Erfassung der durch das Cookie erzeugten und auf Ihre Nutzung der Webseite bezogenen Daten (inkl. Ihrer IP-Adresse) an Google sowie die Verarbeitung dieser Daten durch Google verhindern, indem sie das unter dem folgenden Link verf\u00fcgbare Browser-Plugin herunterladen und installieren:<\/p>\n<p>Link:&nbsp;<a href=\"http:\/\/tools.google.com\/dlpage\/gaoptout?hl=de\" target=\"_blank\" rel=\"noopener\">Browser Add On zur Deaktivierung von Google Analytics<\/a><\/p>\n<p>Zus\u00e4tzlich oder als Alternative zum Browser-Add-On k\u00f6nnen Sie das Tracking durch Google Analytics auf unseren Seiten unterbinden,&nbsp;<a title=\"Google Analytics Opt-Out-Cookie setzen\" href=\"https:\/\/www.gaspingerhof.com\/datenschutz\/#\" target=\"_blank\" rel=\"noopener\">indem Sie diesen Link anklicken<\/a>. Dabei wird ein Opt-Out-Cookie auf Ihrem Ger\u00e4t installiert. Damit wird die Erfassung durch Google Analytics f\u00fcr diese Website und f\u00fcr diesen Browser zuk\u00fcnftig verhindert, so lange der Cookie in Ihrem Browser installiert bleibt.<\/p>\n<p><strong>Einsatz von Google Remarketing<\/strong><\/p>\n<p>Diese Webseite verwendet die Remarketing-Funktion der Google Inc. Die Funktion dient dazu, Webseitenbesuchern innerhalb des Google-Werbenetzwerks interessenbezogene Werbeanzeigen zu pr\u00e4sentieren. Im Browser des Webseitenbesuchers wird ein sog. \u201eCookie\u201c gespeichert, der es erm\u00f6glicht, den Besucher wiederzuerkennen, wenn dieser Webseiten aufruft, die dem Werbenetzwerk von Google angeh\u00f6ren. Auf diesen Seiten k\u00f6nnen dem Besucher Werbeanzeigen pr\u00e4sentiert werden, die sich auf Inhalte beziehen, die der Besucher zuvor auf Webseiten aufgerufen hat, die die Remarketing Funktion von Google verwenden.<br>Nach eigenen Angaben erhebt Google bei diesem Vorgang keine personenbezogenen Daten. Sollten Sie die Funktion Remarketing von Google dennoch nicht w\u00fcnschen, k\u00f6nnen Sie diese grunds\u00e4tzlich deaktivieren, indem Sie die entsprechenden Einstellungen unter&nbsp;<a href=\"http:\/\/www.google.com\/settings\/ads\" target=\"_blank\" rel=\"noopener\">http:\/\/www.google.com\/settings\/ads<\/a>&nbsp;vornehmen. Alternativ k\u00f6nnen Sie den Einsatz von Cookies f\u00fcr interessenbezogene Werbung \u00fcber die Werbenetzwerkinitiative deaktivieren, indem Sie den Anweisungen unter&nbsp;<a href=\"http:\/\/www.networkadvertising.org\/managing\/opt_out.asp\" target=\"_blank\" rel=\"noopener\">http:\/\/www.networkadvertising.org\/managing\/opt_out.asp<\/a>&nbsp;folgen.<\/p>\n<p><strong>Google AdWords<\/strong><\/p>\n<p>Unsere Webseite nutzt das Google Conversion-Tracking. Sind Sie \u00fcber eine von Google geschaltete Anzeige auf unsere Webseite gelangt, wird von Google Adwords ein Cookie auf Ihrem Rechner gesetzt. Das Cookie f\u00fcr Conversion-Tracking wird gesetzt, wenn ein Nutzer auf eine von Google geschaltete Anzeige klickt. Diese Cookies verlieren nach 30 Tagen ihre G\u00fcltigkeit und dienen nicht der pers\u00f6nlichen Identifizierung. Besucht der Nutzer bestimmte Seiten unserer Website und das Cookie ist noch nicht abgelaufen, k\u00f6nnen wir und Google erkennen, dass der Nutzer auf die Anzeige geklickt hat und zu dieser Seite weitergeleitet wurde. Jeder Google AdWords-Kunde erh\u00e4lt ein anderes Cookie. Cookies k\u00f6nnen somit nicht \u00fcber die Websites von AdWords-Kunden nachverfolgt werden. Die mithilfe des Conversion-Cookies eingeholten Informationen dienen dazu, Conversion-Statistiken f\u00fcr AdWords-Kunden zu erstellen, die sich f\u00fcr Conversion-Tracking entschieden haben. Die Kunden erfahren die Gesamtanzahl der Nutzer, die auf ihre Anzeige geklickt haben und zu einer mit einem Conversion-Tracking-Tag versehenen Seite weitergeleitet wurden. Sie erhalten jedoch keine Informationen, mit denen sich Nutzer pers\u00f6nlich identifizieren lassen.<\/p>\n<p><i>M\u00f6chten Sie nicht am Tracking teilnehmen, k\u00f6nnen Sie das hierf\u00fcr erforderliche Setzen eines Cookies ablehnen \u2013 etwa per Browser-Einstellung, die das automatische Setzen von Cookies generell deaktiviert oder Ihren Browser so einstellen, dass Cookies von der Domain \u201egoogleleadservices.com\u201c blockiert werden.<\/i><\/p>\n<p>Bitte beachten Sie, dass Sie die Opt-out-Cookies nicht l\u00f6schen d\u00fcrfen, solange Sie keine Aufzeichnung von Messdaten w\u00fcnschen. Haben Sie alle Ihre Cookies im Browser gel\u00f6scht, m\u00fcssen Sie das jeweilige Opt-out Cookie erneut setzen.<\/p>\n<p><strong>Facebook Tracking Pixel<\/strong><\/p>\n<p>Des Weiteren setzen wir auf unserer Seite einen Facebook-Tracking Pixel (dt.: \u201eBesucheraktions-Pixel\u201c) des&nbsp;Anbieters Facebook Inc., 1 Hacker Way, Menlo Park, California 94025, USA ein. Mit dessen Hilfe k\u00f6nnen wir die Aktionen von Nutzern nachverfolgen, nach dem diese eine Facebook-Werbeanzeige gesehen oder geklickt haben. So k\u00f6nnen wir die Wirksamkeit der Facebook-Werbeanzeigen f\u00fcr statistische und Marktforschungszwecke erfassen. Die so erfassten Daten sind f\u00fcr uns anonym, das hei\u00dft wir sehen nicht die personenbezogenen Daten einzelner Nutzer. Diese Daten werden jedoch von Facebook gespeichert und verarbeitet. Facebook kann diese Daten mit ihrem Facebook-Account verbinden und auch f\u00fcr eigene Werbezwecke, entsprechend Facebooks&nbsp;<a href=\"https:\/\/www.facebook.com\/about\/privacy\" target=\"_blank\" rel=\"noopener\">Datenverwendungsrichtlinie<\/a>&nbsp;nutzen. Sie k\u00f6nnen Facebook sowie dessen Partnern das Schalten von Werbeanzeigen auf und au\u00dferhalb von Facebook erm\u00f6glichen. Sie haben die M\u00f6glichkeit Facebook sowie dessen Partnern das Schalten von Werbeanzeigen zu untersagen. Sie k\u00f6nnen die Einstellungen f\u00fcr Facebooks Werbeanzeigen unter folgendem Link bearbeiten:<a href=\"https:\/\/www.facebook.com\/ads\/website_custom_audiences\/\" target=\"_blank\" rel=\"noopener\">https:\/\/www.facebook.com\/ads\/website_custom_audiences\/<\/a>.<\/p>\t\t\t\t\t\t\t\t<\/div>\n\t\t\t\t\t<\/div>\n\t\t<\/div>\n\t\t\t\t\t<\/div>\n\t\t<\/div>\n\t\t\t\t<\/div>\n\t\t","protected":false},"excerpt":{"rendered":"<p>Hotel Sch\u00f6nruh Gerlos Datenschutz Datenschutzerkl\u00e4rung Hotel Sch\u00f6nruh GmbHGerlos 2856281 Gerlos&nbsp; Die Datenschutzerkl\u00e4rung erstreckt sich auf das Verwenden und Erfassen pers\u00f6nlicher Daten, die bei Kontaktaufnahme unter Umst\u00e4nden erhoben werden, also beispielsweise dann, wenn Sie unsere Web-Site besuchen, wenn [&hellip;]<\/p>\n","protected":false},"author":2,"featured_media":0,"parent":2962,"menu_order":0,"comment_status":"closed","ping_status":"closed","template":"","meta":{"footnotes":""},"class_list":["post-3110","page","type-page","status-publish","hentry"],"_links":{"self":[{"href":"https:\/\/www.schoenruh.com\/de\/wp-json\/wp\/v2\/pages\/3110","targetHints":{"allow":["GET"]}}],"collection":[{"href":"https:\/\/www.schoenruh.com\/de\/wp-json\/wp\/v2\/pages"}],"about":[{"href":"https:\/\/www.schoenruh.com\/de\/wp-json\/wp\/v2\/types\/page"}],"author":[{"embeddable":true,"href":"https:\/\/www.schoenruh.com\/de\/wp-json\/wp\/v2\/users\/2"}],"replies":[{"embeddable":true,"href":"https:\/\/www.schoenruh.com\/de\/wp-json\/wp\/v2\/comments?post=3110"}],"version-history":[{"count":0,"href":"https:\/\/www.schoenruh.com\/de\/wp-json\/wp\/v2\/pages\/3110\/revisions"}],"up":[{"embeddable":true,"href":"https:\/\/www.schoenruh.com\/de\/wp-json\/wp\/v2\/pages\/2962"}],"wp:attachment":[{"href":"https:\/\/www.schoenruh.com\/de\/wp-json\/wp\/v2\/media?parent=3110"}],"curies":[{"name":"wp","href":"https:\/\/api.w.org\/{rel}","templated":true}]}}