{"id":3091,"date":"2024-06-09T22:27:52","date_gmt":"2024-06-09T22:27:52","guid":{"rendered":"http:\/\/chris.schoenruh.at\/?page_id=3091"},"modified":"2025-09-30T13:56:49","modified_gmt":"2025-09-30T13:56:49","slug":"rodeln","status":"publish","type":"page","link":"https:\/\/www.schoenruh.com\/en\/sommer\/rodeln\/","title":{"rendered":"Arena Coaster"},"content":{"rendered":"\t\t<div data-elementor-type=\"wp-page\" data-elementor-id=\"3091\" class=\"elementor elementor-3091\">\n\t\t\t\t<div class=\"elementor-element elementor-element-cdd8738 e-flex e-con-boxed e-con e-parent\" data-id=\"cdd8738\" data-element_type=\"container\" data-e-type=\"container\" data-settings=\"{&quot;background_background&quot;:&quot;classic&quot;}\">\n\t\t\t\t\t<div class=\"e-con-inner\">\n\t\t<div class=\"elementor-element elementor-element-0dc5623 e-con-full e-flex e-con e-child\" data-id=\"0dc5623\" data-element_type=\"container\" data-e-type=\"container\" data-settings=\"{&quot;background_background&quot;:&quot;video&quot;}\">\n\t\t\t\t<div class=\"elementor-element elementor-element-a1180c9 elementor-widget elementor-widget-image\" data-id=\"a1180c9\" data-element_type=\"widget\" data-e-type=\"widget\" data-widget_type=\"image.default\">\n\t\t\t\t\t\t\t\t\t\t\t\t\t\t\t<img fetchpriority=\"high\" decoding=\"async\" width=\"512\" height=\"512\" src=\"https:\/\/www.schoenruh.com\/wp-content\/uploads\/2024\/06\/cropped-schoenruh-hotel-gerlos-favicon.png\" class=\"attachment-large size-large wp-image-4745\" alt=\"\" srcset=\"https:\/\/www.schoenruh.com\/wp-content\/uploads\/2024\/06\/cropped-schoenruh-hotel-gerlos-favicon.png 512w, https:\/\/www.schoenruh.com\/wp-content\/uploads\/2024\/06\/cropped-schoenruh-hotel-gerlos-favicon-300x300.png 300w, https:\/\/www.schoenruh.com\/wp-content\/uploads\/2024\/06\/cropped-schoenruh-hotel-gerlos-favicon-150x150.png 150w, https:\/\/www.schoenruh.com\/wp-content\/uploads\/2024\/06\/cropped-schoenruh-hotel-gerlos-favicon-12x12.png 12w, https:\/\/www.schoenruh.com\/wp-content\/uploads\/2024\/06\/cropped-schoenruh-hotel-gerlos-favicon-270x270.png 270w, https:\/\/www.schoenruh.com\/wp-content\/uploads\/2024\/06\/cropped-schoenruh-hotel-gerlos-favicon-192x192.png 192w, https:\/\/www.schoenruh.com\/wp-content\/uploads\/2024\/06\/cropped-schoenruh-hotel-gerlos-favicon-180x180.png 180w, https:\/\/www.schoenruh.com\/wp-content\/uploads\/2024\/06\/cropped-schoenruh-hotel-gerlos-favicon-32x32.png 32w\" sizes=\"(max-width: 512px) 100vw, 512px\" \/>\t\t\t\t\t\t\t\t\t\t\t\t\t\t\t<\/div>\n\t\t\t\t<div class=\"elementor-element elementor-element-ffdef67 elementor-widget elementor-widget-heading\" data-id=\"ffdef67\" data-element_type=\"widget\" data-e-type=\"widget\" data-widget_type=\"heading.default\">\n\t\t\t\t\t<div class=\"elementor-heading-title elementor-size-default\">Hotel Sch\u00f6nruh Gerlos<\/div>\t\t\t\t<\/div>\n\t\t\t\t<div class=\"elementor-element elementor-element-a8b3a6b elementor-widget elementor-widget-heading\" data-id=\"a8b3a6b\" data-element_type=\"widget\" data-e-type=\"widget\" data-widget_type=\"heading.default\">\n\t\t\t\t\t<h2 class=\"elementor-heading-title elementor-size-default\">Sommerrodelbahn<\/h2>\t\t\t\t<\/div>\n\t\t\t\t<\/div>\n\t\t\t\t\t<\/div>\n\t\t\t\t<\/div>\n\t\t<div class=\"elementor-element elementor-element-2c02ef1 e-con-full e-flex e-con e-parent\" data-id=\"2c02ef1\" data-element_type=\"container\" data-e-type=\"container\" data-settings=\"{&quot;background_background&quot;:&quot;classic&quot;}\">\n\t\t<div class=\"elementor-element elementor-element-f0239c5 e-con-full e-flex e-con e-child\" data-id=\"f0239c5\" data-element_type=\"container\" data-e-type=\"container\">\n\t\t\t\t<div class=\"elementor-element elementor-element-752d6bd elementor-widget elementor-widget-heading\" data-id=\"752d6bd\" data-element_type=\"widget\" data-e-type=\"widget\" data-widget_type=\"heading.default\">\n\t\t\t\t\t<div class=\"elementor-heading-title elementor-size-default\">Adrenalin pur<\/div>\t\t\t\t<\/div>\n\t\t\t\t<div class=\"elementor-element elementor-element-c89a5c0 elementor-widget elementor-widget-heading\" data-id=\"c89a5c0\" data-element_type=\"widget\" data-e-type=\"widget\" data-widget_type=\"heading.default\">\n\t\t\t\t\t<h2 class=\"elementor-heading-title elementor-size-default\">Arena Coaster:\nDer ultimative Rodelspa\u00df im Zillertal!\n<\/h2>\t\t\t\t<\/div>\n\t\t\t\t<div class=\"elementor-element elementor-element-f9e2325 elementor-widget-divider--view-line elementor-widget elementor-widget-divider\" data-id=\"f9e2325\" data-element_type=\"widget\" data-e-type=\"widget\" data-widget_type=\"divider.default\">\n\t\t\t\t\t\t\t<div class=\"elementor-divider\">\n\t\t\t<span class=\"elementor-divider-separator\">\n\t\t\t\t\t\t<\/span>\n\t\t<\/div>\n\t\t\t\t\t\t<\/div>\n\t\t\t\t<div class=\"elementor-element elementor-element-61db03e elementor-widget elementor-widget-text-editor\" data-id=\"61db03e\" data-element_type=\"widget\" data-e-type=\"widget\" data-widget_type=\"text-editor.default\">\n\t\t\t\t\t\t\t\t\t<p>Spa\u00df, Action und Geschwindigkeit f\u00fcr Gro\u00df &amp; Klein erleben Sie auf dem Arena Coaster, der ersten Alpen-Achterbahn im Zillertal! Der 1.450 m lange Achterbahn-Spa\u00df beginnt direkt bei der Talstation der Zillertal Arena in Zell ist mit etlichen Wellen, Steilkurven und Jumps die Sommer- und Winter-Attraktion \u2013 nicht nur f\u00fcr Kinder! Ein 360\u00b0Kreisel sowie ein 540\u00b0 Kreisel sorgen f\u00fcr zus\u00e4tzliches Adrenalin.<\/p>\t\t\t\t\t\t\t\t<\/div>\n\t\t\t\t<div class=\"elementor-element elementor-element-e9104e4 elementor-widget elementor-widget-text-editor\" data-id=\"e9104e4\" data-element_type=\"widget\" data-e-type=\"widget\" data-widget_type=\"text-editor.default\">\n\t\t\t\t\t\t\t\t\t<ul><li>Gesamtstreckenl\u00e4nge: 1.450 m<\/li><li>Bergaufbahn: 325 m<\/li><li>Bergabbahn: 1.125 m<\/li><li>H\u00f6hendifferenz: 140 m<\/li><li>Fahrzeit: ca. 6 &#8211; 7 Minuten<\/li><li>H\u00f6chste Stelle: 9 m \u00fcber dem Boden<\/li><\/ul>\t\t\t\t\t\t\t\t<\/div>\n\t\t\t\t<\/div>\n\t\t<div class=\"elementor-element elementor-element-26ee51a e-con-full e-flex e-con e-child\" data-id=\"26ee51a\" data-element_type=\"container\" data-e-type=\"container\" data-settings=\"{&quot;background_background&quot;:&quot;classic&quot;}\">\n\t\t\t\t<div class=\"elementor-element elementor-element-0765862 elementor-widget elementor-widget-spacer\" data-id=\"0765862\" data-element_type=\"widget\" data-e-type=\"widget\" data-widget_type=\"spacer.default\">\n\t\t\t\t\t\t\t<div class=\"elementor-spacer\">\n\t\t\t<div class=\"elementor-spacer-inner\"><\/div>\n\t\t<\/div>\n\t\t\t\t\t\t<\/div>\n\t\t\t\t<\/div>\n\t\t\t\t<\/div>\n\t\t<div class=\"elementor-element elementor-element-ec882ef e-con-full e-flex e-con e-parent\" data-id=\"ec882ef\" data-element_type=\"container\" data-e-type=\"container\">\n\t\t\t\t<div class=\"elementor-element elementor-element-45e38e8 elementor-widget elementor-widget-lastudio-advanced-carousel\" data-id=\"45e38e8\" data-element_type=\"widget\" data-e-type=\"widget\" data-widget_type=\"lastudio-advanced-carousel.default\">\n\t\t\t\t<div class=\"elementor-widget-container\">\n\t\t\t\t\t<div class=\"lastudio-carousel-wrap lastudio-equal-cols lastudio-advance-carousel-layout-banners\" style=\"--elm-slide-item: 4\">\n\t<div class=\"lastudio-carousel js-el\" data-slider_config=\"{&quot;slidesToShow&quot;:{&quot;desktop&quot;:4,&quot;laptop&quot;:4,&quot;tablet&quot;:4,&quot;mobile_extra&quot;:4,&quot;mobile&quot;:1},&quot;autoplaySpeed&quot;:5000,&quot;autoplay&quot;:true,&quot;infinite&quot;:true,&quot;pauseOnHover&quot;:true,&quot;speed&quot;:500,&quot;arrows&quot;:true,&quot;dots&quot;:false,&quot;slidesToScroll&quot;:1,&quot;prevArrow&quot;:&quot;&lt;button class=\\&quot;lastudio-arrow prev-arrow slick-prev\\&quot;&gt;&lt;i class=\\&quot;lastudioicon-left-arrow\\&quot;&gt;&lt;\\\/i&gt;&lt;\\\/button&gt;&quot;,&quot;variableWidth&quot;:false,&quot;nextArrow&quot;:&quot;&lt;button class=\\&quot;lastudio-arrow next-arrow slick-next\\&quot;&gt;&lt;i class=\\&quot;lastudioicon-right-arrow\\&quot;&gt;&lt;\\\/i&gt;&lt;\\\/button&gt;&quot;,&quot;rtl&quot;:false}\" dir=\"ltr\" data-la_component=\"AutoCarousel\"><div class=\"lastudio-carousel__item\">\n    <div class=\"lastudio-carousel__item-inner\">\n        <figure class=\"lastudio-banner la-lazyload-image lastudio-effect-lily image-custom-height\" data-background-image=\"http:\/\/www.schoenruh.com\/wp-content\/uploads\/2024\/06\/2021-Sportwagen-D2-22.jpg\"><div class=\"lastudio-banner__overlay\"><\/div><img loading=\"lazy\" decoding=\"async\" src=\"data:image\/gif;base64,R0lGODlhAQABAIAAAP\/\/\/wAAACH5BAEAAAAALAAAAAABAAEAAAICRAEAOw==\" data-src=\"https:\/\/www.schoenruh.com\/wp-content\/uploads\/2024\/06\/2021-Sportwagen-D2-22.jpg\" alt=\"\" loading=\"lazy\" class=\"la-lazyload-image lastudio-banner__img\" width=\"1920\" height=\"1280\" srcset=\"data:image\/gif;base64,R0lGODlhAQABAIAAAP\/\/\/wAAACH5BAEAAAAALAAAAAABAAEAAAICRAEAOw==\"><figcaption class=\"lastudio-banner__content\"><div class=\"lastudio-banner__content-wrap\"><h5 class=\"lastudio-banner__title\">Sommer Events<\/h5><button type=\"button\" class=\"elementor-button elementor-size-md lastudio-banner__button lastudio-carousel__item-button\">mehr erfahren<\/button><\/div><a href=\"https:\/\/www.schoenruh.com\/de\/sommer\/events\/\" class=\"lastudio-banner__link\"><\/a><\/figcaption><\/figure>\n    <\/div>\n<\/div>\n<div class=\"lastudio-carousel__item\">\n    <div class=\"lastudio-carousel__item-inner\">\n        <figure class=\"lastudio-banner la-lazyload-image lastudio-effect-lily image-custom-height\" data-background-image=\"http:\/\/www.schoenruh.com\/wp-content\/uploads\/2024\/06\/wessel-hampsink-PS5-JKk84Ks-unsplash.jpg\"><div class=\"lastudio-banner__overlay\"><\/div><img loading=\"lazy\" decoding=\"async\" src=\"data:image\/gif;base64,R0lGODlhAQABAIAAAP\/\/\/wAAACH5BAEAAAAALAAAAAABAAEAAAICRAEAOw==\" data-src=\"https:\/\/www.schoenruh.com\/wp-content\/uploads\/2024\/06\/wessel-hampsink-PS5-JKk84Ks-unsplash.jpg\" alt=\"\" loading=\"lazy\" class=\"la-lazyload-image lastudio-banner__img\" width=\"1920\" height=\"1440\" srcset=\"data:image\/gif;base64,R0lGODlhAQABAIAAAP\/\/\/wAAACH5BAEAAAAALAAAAAABAAEAAAICRAEAOw==\"><figcaption class=\"lastudio-banner__content\"><div class=\"lastudio-banner__content-wrap\"><h5 class=\"lastudio-banner__title\">Natur Genie\u00dfen<\/h5><button type=\"button\" class=\"elementor-button elementor-size-md lastudio-banner__button lastudio-carousel__item-button\">mehr erfahren<\/button><\/div><a href=\"https:\/\/www.schoenruh.com\/de\/sommer\/natur-geniessen\/\" class=\"lastudio-banner__link\"><\/a><\/figcaption><\/figure>\n    <\/div>\n<\/div>\n<div class=\"lastudio-carousel__item\">\n    <div class=\"lastudio-carousel__item-inner\">\n        <figure class=\"lastudio-banner la-lazyload-image lastudio-effect-lily image-custom-height\" data-background-image=\"http:\/\/www.schoenruh.com\/wp-content\/uploads\/2024\/06\/Wandern-Familie-Isskogel-Zillertal-Arena-06.jpg\"><div class=\"lastudio-banner__overlay\"><\/div><img loading=\"lazy\" decoding=\"async\" src=\"data:image\/gif;base64,R0lGODlhAQABAIAAAP\/\/\/wAAACH5BAEAAAAALAAAAAABAAEAAAICRAEAOw==\" data-src=\"https:\/\/www.schoenruh.com\/wp-content\/uploads\/2024\/06\/Wandern-Familie-Isskogel-Zillertal-Arena-06.jpg\" alt=\"\" loading=\"lazy\" class=\"la-lazyload-image lastudio-banner__img\" width=\"1920\" height=\"1280\" srcset=\"data:image\/gif;base64,R0lGODlhAQABAIAAAP\/\/\/wAAACH5BAEAAAAALAAAAAABAAEAAAICRAEAOw==\"><figcaption class=\"lastudio-banner__content\"><div class=\"lastudio-banner__content-wrap\"><h5 class=\"lastudio-banner__title\">Wander & Spazieren<\/h5><button type=\"button\" class=\"elementor-button elementor-size-md lastudio-banner__button lastudio-carousel__item-button\">mehr erfahren<\/button><\/div><a href=\"https:\/\/www.schoenruh.com\/de\/sommer\/wandern-spazieren\/\" class=\"lastudio-banner__link\"><\/a><\/figcaption><\/figure>\n    <\/div>\n<\/div>\n<div class=\"lastudio-carousel__item\">\n    <div class=\"lastudio-carousel__item-inner\">\n        <figure class=\"lastudio-banner la-lazyload-image lastudio-effect-lily image-custom-height\" data-background-image=\"http:\/\/www.schoenruh.com\/wp-content\/uploads\/2024\/06\/csm_ArenaCoaster-Zell-ZillertalArena-01_9467f545f4.webp\"><div class=\"lastudio-banner__overlay\"><\/div><img loading=\"lazy\" decoding=\"async\" src=\"data:image\/gif;base64,R0lGODlhAQABAIAAAP\/\/\/wAAACH5BAEAAAAALAAAAAABAAEAAAICRAEAOw==\" data-src=\"https:\/\/www.schoenruh.com\/wp-content\/uploads\/2024\/06\/csm_ArenaCoaster-Zell-ZillertalArena-01_9467f545f4.webp\" alt=\"\" loading=\"lazy\" class=\"la-lazyload-image lastudio-banner__img\" width=\"1500\" height=\"1000\" srcset=\"data:image\/gif;base64,R0lGODlhAQABAIAAAP\/\/\/wAAACH5BAEAAAAALAAAAAABAAEAAAICRAEAOw==\"><figcaption class=\"lastudio-banner__content\"><div class=\"lastudio-banner__content-wrap\"><h5 class=\"lastudio-banner__title\">Arena Coaster<\/h5><button type=\"button\" class=\"elementor-button elementor-size-md lastudio-banner__button lastudio-carousel__item-button\">mehr erfahren<\/button><\/div><a href=\"https:\/\/www.schoenruh.com\/de\/sommer\/rodeln\/\" class=\"lastudio-banner__link\"><\/a><\/figcaption><\/figure>\n    <\/div>\n<\/div>\n<div class=\"lastudio-carousel__item\">\n    <div class=\"lastudio-carousel__item-inner\">\n        <figure class=\"lastudio-banner la-lazyload-image lastudio-effect-lily image-custom-height\" data-background-image=\"http:\/\/www.schoenruh.com\/wp-content\/uploads\/2024\/06\/austria-tyrol-tannheimer-tal-young-couple-hikin-2023-11-27-05-15-13-utc.jpg\"><div class=\"lastudio-banner__overlay\"><\/div><img loading=\"lazy\" decoding=\"async\" src=\"data:image\/gif;base64,R0lGODlhAQABAIAAAP\/\/\/wAAACH5BAEAAAAALAAAAAABAAEAAAICRAEAOw==\" data-src=\"https:\/\/www.schoenruh.com\/wp-content\/uploads\/2024\/06\/austria-tyrol-tannheimer-tal-young-couple-hikin-2023-11-27-05-15-13-utc.jpg\" alt=\"\" loading=\"lazy\" class=\"la-lazyload-image lastudio-banner__img\" width=\"1920\" height=\"1281\" srcset=\"data:image\/gif;base64,R0lGODlhAQABAIAAAP\/\/\/wAAACH5BAEAAAAALAAAAAABAAEAAAICRAEAOw==\"><figcaption class=\"lastudio-banner__content\"><div class=\"lastudio-banner__content-wrap\"><h5 class=\"lastudio-banner__title\">Gipfelst\u00fcrmer<\/h5><button type=\"button\" class=\"elementor-button elementor-size-md lastudio-banner__button lastudio-carousel__item-button\">mehr erfahren<\/button><\/div><a href=\"https:\/\/www.schoenruh.com\/de\/sommer\/gipfelstuermer\/\" class=\"lastudio-banner__link\"><\/a><\/figcaption><\/figure>\n    <\/div>\n<\/div>\n<div class=\"lastudio-carousel__item\">\n    <div class=\"lastudio-carousel__item-inner\">\n        <figure class=\"lastudio-banner la-lazyload-image lastudio-effect-lily image-custom-height\" data-background-image=\"http:\/\/www.schoenruh.com\/wp-content\/uploads\/2024\/06\/GolfCourt.jpeg\"><div class=\"lastudio-banner__overlay\"><\/div><img loading=\"lazy\" decoding=\"async\" src=\"data:image\/gif;base64,R0lGODlhAQABAIAAAP\/\/\/wAAACH5BAEAAAAALAAAAAABAAEAAAICRAEAOw==\" data-src=\"https:\/\/www.schoenruh.com\/wp-content\/uploads\/2024\/06\/GolfCourt.jpeg\" alt=\"\" loading=\"lazy\" class=\"la-lazyload-image lastudio-banner__img\" width=\"1453\" height=\"818\" srcset=\"data:image\/gif;base64,R0lGODlhAQABAIAAAP\/\/\/wAAACH5BAEAAAAALAAAAAABAAEAAAICRAEAOw==\"><figcaption class=\"lastudio-banner__content\"><div class=\"lastudio-banner__content-wrap\"><h5 class=\"lastudio-banner__title\">Golf<\/h5><button type=\"button\" class=\"elementor-button elementor-size-md lastudio-banner__button lastudio-carousel__item-button\">mehr erfahren<\/button><\/div><a href=\"https:\/\/www.schoenruh.com\/de\/sommer\/golf\/\" class=\"lastudio-banner__link\"><\/a><\/figcaption><\/figure>\n    <\/div>\n<\/div>\n<div class=\"lastudio-carousel__item\">\n    <div class=\"lastudio-carousel__item-inner\">\n        <figure class=\"lastudio-banner la-lazyload-image lastudio-effect-lily image-custom-height\" data-background-image=\"http:\/\/www.schoenruh.com\/wp-content\/uploads\/2024\/06\/young-male-and-female-mountain-bikers-cycling-on-h-2024-06-10-17-30-45-utc.jpg\"><div class=\"lastudio-banner__overlay\"><\/div><img loading=\"lazy\" decoding=\"async\" src=\"data:image\/gif;base64,R0lGODlhAQABAIAAAP\/\/\/wAAACH5BAEAAAAALAAAAAABAAEAAAICRAEAOw==\" data-src=\"https:\/\/www.schoenruh.com\/wp-content\/uploads\/2024\/06\/young-male-and-female-mountain-bikers-cycling-on-h-2024-06-10-17-30-45-utc.jpg\" alt=\"\" loading=\"lazy\" class=\"la-lazyload-image lastudio-banner__img\" width=\"1920\" height=\"1280\" srcset=\"data:image\/gif;base64,R0lGODlhAQABAIAAAP\/\/\/wAAACH5BAEAAAAALAAAAAABAAEAAAICRAEAOw==\"><figcaption class=\"lastudio-banner__content\"><div class=\"lastudio-banner__content-wrap\"><h5 class=\"lastudio-banner__title\">Mountainbike<\/h5><button type=\"button\" class=\"elementor-button elementor-size-md lastudio-banner__button lastudio-carousel__item-button\">mehr erfahren<\/button><\/div><a href=\"https:\/\/www.schoenruh.com\/de\/sommer\/mountainbiken\/\" class=\"lastudio-banner__link\"><\/a><\/figcaption><\/figure>\n    <\/div>\n<\/div>\n<\/div><\/div>\t\t\t\t<\/div>\n\t\t\t\t<\/div>\n\t\t\t\t<\/div>\n\t\t<div class=\"elementor-element elementor-element-5f56ce0 e-flex e-con-boxed e-con e-parent\" data-id=\"5f56ce0\" data-element_type=\"container\" data-e-type=\"container\" data-settings=\"{&quot;background_background&quot;:&quot;slideshow&quot;,&quot;background_motion_fx_translateY_effect&quot;:&quot;yes&quot;,&quot;background_motion_fx_translateY_affectedRange&quot;:{&quot;unit&quot;:&quot;%&quot;,&quot;size&quot;:&quot;&quot;,&quot;sizes&quot;:{&quot;start&quot;:20,&quot;end&quot;:79}},&quot;background_slideshow_gallery&quot;:[{&quot;id&quot;:4810,&quot;url&quot;:&quot;http:\\\/\\\/www.schoenruh.com\\\/wp-content\\\/uploads\\\/2024\\\/06\\\/Arena-Coaster-ZellamZiller-02-1.jpg&quot;},{&quot;id&quot;:4812,&quot;url&quot;:&quot;http:\\\/\\\/www.schoenruh.com\\\/wp-content\\\/uploads\\\/2024\\\/06\\\/Arena-Coaster-ZellamZiller-04-1.jpg&quot;}],&quot;background_slideshow_ken_burns&quot;:&quot;yes&quot;,&quot;background_slideshow_loop&quot;:&quot;yes&quot;,&quot;background_slideshow_slide_duration&quot;:5000,&quot;background_slideshow_slide_transition&quot;:&quot;fade&quot;,&quot;background_slideshow_transition_duration&quot;:500,&quot;background_slideshow_ken_burns_zoom_direction&quot;:&quot;in&quot;,&quot;background_motion_fx_translateY_speed&quot;:{&quot;unit&quot;:&quot;px&quot;,&quot;size&quot;:3,&quot;sizes&quot;:[]},&quot;background_motion_fx_devices&quot;:[&quot;desktop&quot;,&quot;tablet&quot;,&quot;mobile&quot;]}\">\n\t\t\t\t\t<div class=\"e-con-inner\">\n\t\t<div class=\"elementor-element elementor-element-6d50bdd e-con-full e-flex e-con e-child\" data-id=\"6d50bdd\" data-element_type=\"container\" data-e-type=\"container\">\n\t\t\t\t<div class=\"elementor-element elementor-element-efcc8bb elementor-widget-mobile__width-inherit elementor-widget elementor-widget-heading\" data-id=\"efcc8bb\" data-element_type=\"widget\" data-e-type=\"widget\" data-widget_type=\"heading.default\">\n\t\t\t\t\t<div class=\"elementor-heading-title elementor-size-default\">Hotel Sch\u00f6nruh Gerlos<\/div>\t\t\t\t<\/div>\n\t\t\t\t<div class=\"elementor-element elementor-element-ed3ca6d elementor-widget-mobile__width-inherit elementor-widget elementor-widget-heading\" data-id=\"ed3ca6d\" data-element_type=\"widget\" data-e-type=\"widget\" data-widget_type=\"heading.default\">\n\t\t\t\t\t<h2 class=\"elementor-heading-title elementor-size-default\">Bereit f\u00fcr Adrenalin?<\/h2>\t\t\t\t<\/div>\n\t\t\t\t<div class=\"elementor-element elementor-element-d3f981a elementor-widget__width-initial elementor-widget-mobile__width-inherit elementor-widget elementor-widget-text-editor\" data-id=\"d3f981a\" data-element_type=\"widget\" data-e-type=\"widget\" data-widget_type=\"text-editor.default\">\n\t\t\t\t\t\t\t\t\t<p>Dann z\u00f6gern Sie nicht l\u00e4nger und buchen Sie jetzt direkt online! Wir freuen uns darauf, Sie im Hotel Sch\u00f6nruh willkommen zu hei\u00dfen und Ihnen eine unvergessliche Zeit in den Tiroler Alpen zu bereiten.<\/p>\n<p>Buchen Sie jetzt und erleben Sie Tiroler Gastlichkeit in ihrer sch\u00f6nsten Form!<\/p>\t\t\t\t\t\t\t\t<\/div>\n\t\t\t\t<div class=\"elementor-element elementor-element-97529a0 elementor-widget elementor-widget-button\" data-id=\"97529a0\" data-element_type=\"widget\" data-e-type=\"widget\" data-widget_type=\"button.default\">\n\t\t\t\t\t\t\t\t\t\t<a class=\"elementor-button elementor-button-link elementor-size-sm\" href=\"https:\/\/booking.s8.hotellogin.cloud\/customer\/schoenruh\" target=\"_blank\" rel=\"noopener\">\n\t\t\t\t\t\t<span class=\"elementor-button-content-wrapper\">\n\t\t\t\t\t\t\t\t\t<span class=\"elementor-button-text\">Jetzt Online Buchen<\/span>\n\t\t\t\t\t<\/span>\n\t\t\t\t\t<\/a>\n\t\t\t\t\t\t\t\t<\/div>\n\t\t\t\t<\/div>\n\t\t\t\t\t<\/div>\n\t\t\t\t<\/div>\n\t\t\t\t<\/div>\n\t\t","protected":false},"excerpt":{"rendered":"<p>Hotel Sch\u00f6nruh Gerlos Sommerrodelbahn Adrenalin pur Arena Coaster: Der ultimative Rodelspa\u00df im Zillertal! Spa\u00df, Action und Geschwindigkeit f\u00fcr Gro\u00df &amp; Klein erleben Sie auf dem Arena Coaster, der ersten Alpen-Achterbahn im Zillertal! Der 1.450 m lange Achterbahn-Spa\u00df [&hellip;]<\/p>\n","protected":false},"author":2,"featured_media":0,"parent":2989,"menu_order":0,"comment_status":"closed","ping_status":"closed","template":"","meta":{"footnotes":""},"class_list":["post-3091","page","type-page","status-publish","hentry"],"_links":{"self":[{"href":"https:\/\/www.schoenruh.com\/en\/wp-json\/wp\/v2\/pages\/3091","targetHints":{"allow":["GET"]}}],"collection":[{"href":"https:\/\/www.schoenruh.com\/en\/wp-json\/wp\/v2\/pages"}],"about":[{"href":"https:\/\/www.schoenruh.com\/en\/wp-json\/wp\/v2\/types\/page"}],"author":[{"embeddable":true,"href":"https:\/\/www.schoenruh.com\/en\/wp-json\/wp\/v2\/users\/2"}],"replies":[{"embeddable":true,"href":"https:\/\/www.schoenruh.com\/en\/wp-json\/wp\/v2\/comments?post=3091"}],"version-history":[{"count":0,"href":"https:\/\/www.schoenruh.com\/en\/wp-json\/wp\/v2\/pages\/3091\/revisions"}],"up":[{"embeddable":true,"href":"https:\/\/www.schoenruh.com\/en\/wp-json\/wp\/v2\/pages\/2989"}],"wp:attachment":[{"href":"https:\/\/www.schoenruh.com\/en\/wp-json\/wp\/v2\/media?parent=3091"}],"curies":[{"name":"wp","href":"https:\/\/api.w.org\/{rel}","templated":true}]}}