{"id":3110,"date":"2024-06-09T22:52:14","date_gmt":"2024-06-09T22:52:14","guid":{"rendered":"http:\/\/chris.schoenruh.at\/?page_id=3110"},"modified":"2024-08-15T13:18:40","modified_gmt":"2024-08-15T13:18:40","slug":"datenschutz","status":"publish","type":"page","link":"https:\/\/www.schoenruh.com\/en\/service-kontakt\/datenschutz\/","title":{"rendered":"Data protection"},"content":{"rendered":"<div data-elementor-type=\"wp-page\" data-elementor-id=\"3110\" class=\"elementor elementor-3110\">\n\t\t\t\t<div class=\"elementor-element elementor-element-cdd8738 e-flex e-con-boxed e-con e-parent\" data-id=\"cdd8738\" data-element_type=\"container\" data-e-type=\"container\" data-settings=\"{&quot;background_background&quot;:&quot;classic&quot;}\">\n\t\t\t\t\t<div class=\"e-con-inner\">\n\t\t<div class=\"elementor-element elementor-element-0dc5623 e-con-full e-flex e-con e-child\" data-id=\"0dc5623\" data-element_type=\"container\" data-e-type=\"container\" data-settings=\"{&quot;background_background&quot;:&quot;video&quot;}\">\n\t\t\t\t<div class=\"elementor-element elementor-element-ffdef67 elementor-widget elementor-widget-heading\" data-id=\"ffdef67\" data-element_type=\"widget\" data-e-type=\"widget\" data-widget_type=\"heading.default\">\n\t\t\t\t\t<div class=\"elementor-heading-title elementor-size-default\">Hotel Sch\u00f6nruh Gerlos<\/div>\t\t\t\t<\/div>\n\t\t\t\t<div class=\"elementor-element elementor-element-a8b3a6b elementor-widget elementor-widget-heading\" data-id=\"a8b3a6b\" data-element_type=\"widget\" data-e-type=\"widget\" data-widget_type=\"heading.default\">\n\t\t\t\t\t<h2 class=\"elementor-heading-title elementor-size-default\">Data protection<\/h2>\t\t\t\t<\/div>\n\t\t\t\t<\/div>\n\t\t\t\t\t<\/div>\n\t\t\t\t<\/div>\n\t\t\t\t<div class=\"elementor-section elementor-top-section elementor-element elementor-element-2356a47 elementor-section-content-middle elementor-section-boxed elementor-section-height-default elementor-section-height-default\" data-id=\"2356a47\" data-element_type=\"section\" data-e-type=\"section\">\n\t\t\t\t\t\t<div class=\"elementor-container elementor-column-gap-no\">\n\t\t\t\t\t<div class=\"elementor-column elementor-col-100 elementor-top-column elementor-element elementor-element-cd13c19\" data-id=\"cd13c19\" data-element_type=\"column\" data-e-type=\"column\">\n\t\t\t<div class=\"elementor-widget-wrap elementor-element-populated\">\n\t\t\t\t\t\t<div class=\"elementor-element elementor-element-f15e829 elementor-widget elementor-widget-spacer\" data-id=\"f15e829\" data-element_type=\"widget\" data-e-type=\"widget\" data-widget_type=\"spacer.default\">\n\t\t\t\t\t\t\t<div class=\"elementor-spacer\">\n\t\t\t<div class=\"elementor-spacer-inner\"><\/div>\n\t\t<\/div>\n\t\t\t\t\t\t<\/div>\n\t\t\t\t<div class=\"elementor-element elementor-element-d017e7c elementor-widget elementor-widget-text-editor\" data-id=\"d017e7c\" data-element_type=\"widget\" data-e-type=\"widget\" data-widget_type=\"text-editor.default\">\n\t\t\t\t\t\t\t\t\t<h3>Privacy policy<\/h3>\n<p><\/p>\n<p>Hotel Sch\u00f6nruh GmbH<br>Gerlos 285<br>6281 Gerlos&nbsp;<\/p>\n<p>Die Datenschutzerkl\u00e4rung erstreckt sich auf das Verwenden und Erfassen pers\u00f6nlicher Daten, die bei Kontaktaufnahme unter Umst\u00e4nden erhoben werden, also beispielsweise dann, wenn Sie unsere Web-Site besuchen, wenn Sie Informationen anfragen, buchen, erwerben oder auch wenn Sie uns anrufen. In dem nachstehenden Dokument, werden Sie dar\u00fcber informiert, wie die Hotel Sch\u00f6nruh GmbH mit Ihren pers\u00f6nlichen Daten umgeht, welche Arten von Daten \u00fcberhaupt erfasst werden, wie und zu welchem Zweck diese Daten verwendet werden, an wen die Hotel Sch\u00f6nruh GmbH diese Daten weitergibt und wie die&nbsp;Hotel Sch\u00f6nruh GmbH Ihre pers\u00f6nlichen Daten sch\u00fctzt.<br>Ihre Pers\u00f6nlichkeitsrechte haben h\u00f6chste Priorit\u00e4t, und die&nbsp;Hotel Sch\u00f6nruh GmbH bem\u00fcht sich nach besten Kr\u00e4ften, diese Rechte zu sch\u00fctzen.<br>All further data protection obligations that may go beyond this data protection declaration remain unaffected.<\/p>\n<p><strong>Why does Hotel Sch\u00f6nruh GmbH process your personal data?<\/strong><\/p>\n<p>Personal data that you have transmitted to us via our website or email will only be processed for correspondence with you and only for the purpose for which you have provided us with your data.<\/p>\n<p>We assure you that your personal data will not be passed on to third parties unless this is required by law.<\/p>\n<p>Users are informed that if they refuse to provide their personal data, they may not be able to use certain services on this website (e.g. newsletters, bookings, etc.).<\/p>\n<p>In addition, \"your personal data\" helps Hotel Sch\u00f6nruh GmbH to keep you up to date with the latest product announcements, special offers and other developments that we think may be of interest to you.<br>If you do not wish to be kept up to date with the latest developments and current product and service information, you can let us know at any time.<\/p>\n<p>Erm\u00f6glichung und Ausf\u00fchrung der Buchung des Gastes; Durchf\u00fchrung des Aufenthalts des Gastes; Abstimmung des Aufenthalts auf W\u00fcnsche und Interessen des Gastes; M\u00f6glichkeit, auch in Zukunft Dienste in \u00dcbereinstimmung mit Interessen des Gastes anzubieten; Marketing im Zusammenhang mit Leistungen des Hotels und Verbesserung der Leistungen des Hotels<\/p>\n<p><strong>What data is collected and what happens to it?&nbsp;<\/strong><\/p>\n<p>Es werden von Ihnen stets nur Daten erhoben, die f\u00fcr den jeweiligen Vorgang relevant sind. Hierzu geh\u00f6ren beispielsweise Name, Postanschrift, E-Mail-Adresse, Telefonnummer und die bevorzugte Methode der Kontaktaufnahme. Dar\u00fcber hinaus erfasst die Hotel Sch\u00f6nruh GmbH Informationen zu Marktforschungszwecken, um unsere Kunden besser kennen zu lernen und Ihnen dadurch einen effektiveren Service bieten zu k\u00f6nnen. Des Weiteren erfasst die Hotel Sch\u00f6nruh GmbH Daten zu den Kundenaktivit\u00e4ten auf unserer Web-Site. Anhand dieser Daten kann die&nbsp;Hotel Sch\u00f6nruh GmbH ermitteln, welche Informationen f\u00fcr unsere Kunden wirklich n\u00fctzlich sind und welche Bereiche unserer Web-Sites und Internet-Services sie am meisten interessieren.<\/p>\n<p>The data provided to us will only be stored until the purpose for which it was entrusted to us has been fulfilled. If statutory retention periods must be observed, these will be complied with. If you no longer agree to the storage of your personal data, we will delete the stored data at your request. If your personal data has changed, we will correct it after informing you.<\/p>\n<p>Die&nbsp;Hotel Sch\u00f6nruh GmbH nimmt den Schutz Ihrer Pers\u00f6nlichkeitsrechte sehr ernst.<br>Deshalb versichert Ihnen die&nbsp;Hotel Sch\u00f6nruh GmbH, dass Ihre Kontaktdaten an andere Anbieter weder verkauft noch verliehen werden. Damit wir Ihnen aber verschiedene Dienste anbieten k\u00f6nnen, gibt die&nbsp;Hotel Sch\u00f6nruh GmbH Ihre pers\u00f6nlichen Daten unter Umst\u00e4nden an juristische Personen weiter, die jedoch verpflichtet sind, diese Daten im Einklang mit der Datenschutzerkl\u00e4rung zu sch\u00fctzen. Mitunter kann es f\u00fcr die&nbsp;Hotel Sch\u00f6nruh GmbH von Vorteil sein, bestimmte pers\u00f6nliche Daten von Ihnen anderen Unternehmen zur Verf\u00fcgung zu stellen, mit denen die&nbsp;Hotel Sch\u00f6nruh GmbH eine strategische Partnerschaft eingegangen ist oder die f\u00fcr die&nbsp;Hotel Sch\u00f6nruh GmbH t\u00e4tig sind, um Ihnen in unserem Namen Produkte und Leistungen zu liefern. Diese Unternehmen k\u00f6nnen uns dabei helfen, Informationen zu verarbeiten, Kundenbestellungen auszuf\u00fchren, Produkte an Sie zu liefern, Kundendaten zu verwalten und zu pflegen, einen Kundendienst zur Verf\u00fcgung zu stellen, Ihr Interesse an unseren Produkten und Leistungen zu bewerten, Kundenforschung zu betreiben oder Umfragen zur Kundenzufriedenheit durchzuf\u00fchren. Auch diese Unternehmen sind verpflichtet, Ihre pers\u00f6nlichen Daten im Einklang mit unserer Datenschutzerkl\u00e4rung zum Schutz der Pers\u00f6nlichkeitsrechte zu sch\u00fctzen. Mitunter kann die&nbsp;Hotel Sch\u00f6nruh GmbH von gesetzlichen Bestimmungen oder Rechtsvorg\u00e4ngen gezwungen sein, Ihre pers\u00f6nlichen Daten offen zu legen.<\/p>\n<p>An order data processing directory (ADV directory) is used to manually record which external companies could receive the data (registration system of the municipality or Feratel, postal service providers, CRM systems, external bookings, external enquiry managers)<br>Security precautions are also taken to protect personal rights within the company.<br>Die Web-Site enth\u00e4lt Links zu Web-Sites anderer Unternehmen. F\u00fcr den Umgang dieser Unternehmen mit Pers\u00f6nlichkeitsrechten ist die Hotel Sch\u00f6nruh GmbH nicht verantwortlich. Die Hotel Sch\u00f6nruh&nbsp;GmbH empfiehlt Ihnen daher, sich bei diesen Unternehmen nach deren Datenschutzerkl\u00e4rung zu erkundigen.<\/p>\n<p>In order to protect the security of your data during transmission, the website uses a state-of-the-art encryption method (e.g. SSL) via HTTPS at certain points&nbsp;<\/p>\n<p style=\"font-style: normal; font-variant-ligatures: normal; font-variant-caps: normal; font-size: 16px; font-family: Poppins;\"><b>Datenweitergabe an Dritte&nbsp;<\/b><\/p>\n<p>an Dienstleister und deren Hilfspersonen, die Cloud-basierte Software- und<br>Datenverarbeitungsl\u00f6sungen f\u00fcr das Hotel anbieten, und im Auftrag des Hotels Daten des Gastes<br>(zu obigen Zwecken) auswerten und verarbeiten<strong><br><\/strong><\/p>\n<p><strong>Changes to our privacy policy<\/strong><\/p>\n<p>We reserve the right to amend this privacy policy from time to time to ensure that it always complies with current legal requirements or to implement changes to our services in the privacy policy, e.g. when introducing new services. The new privacy policy will then apply to your next visit.<\/p>\n<p>an Dienstleister und deren Hilfspersonen, die Cloud-basierte Software- und<br>Datenverarbeitungsl\u00f6sungen f\u00fcr das Hotel anbieten, und im Auftrag des Hotels Daten des Gastes<br>(zu obigen Zwecken) auswerten und verarbeiten<strong><br>Do you still have questions?<br><\/strong><br>You can of course ask Hotel Sch\u00f6nruh GmbH what data Hotel Sch\u00f6nruh GmbH processes about you, where this data comes from, what it is used for and to whom it is transmitted. You can of course also correct incorrect data or have data processed in an unauthorised manner deleted. The provisions of the Data Protection Act apply.<\/p>\n<p>Hotel Sch\u00f6nruh GmbH<br>Gerlos 285<br>6281 Gerlos&nbsp;<br>info@schoenruh.com&nbsp;<\/p>\n<p><strong>Use of Google Analytics<\/strong><\/p>\n<p>This website uses Google Analytics, a web analysis service provided by Google Inc. (\u201cGoogle\u201d). Google Analytics uses so-called \u201ccookies\u201d, text files that are stored on your computer and that enable your use of the website to be analyzed. The information generated by the cookie about your use of this website is usually transmitted to a Google server in the USA and stored there. However, due to the activation of IP anonymization on these websites, your IP address will be shortened by Google within member states of the European Union or in other contracting states to the Agreement on the European Economic Area. Only in exceptional cases will the full IP address be transmitted to a Google server in the USA and shortened there. On behalf of the operator of this website, Google will use this information to evaluate your use of the website, to compile reports on website activity and to provide other services related to website activity and internet usage to the website operator. The IP address transmitted by your browser as part of Google Analytics is not combined with other Google data. You can prevent the storage of cookies by setting your browser software accordingly; However, we would like to point out that in this case you may not be able to use all functions of this website to their full extent. You can also prevent Google from collecting the data generated by the cookie and relating to your use of the website (including your IP address) and from processing this data by Google by downloading the browser plug-in available under the following link and install:<\/p>\n<p>Link:&nbsp;<a href=\"http:\/\/tools.google.com\/dlpage\/gaoptout?hl=de\" target=\"_blank\" rel=\"noopener\">Browser add-on to deactivate Google Analytics<\/a><\/p>\n<p>In addition or as an alternative to the browser add-on, you can prevent tracking by Google Analytics on our pages,&nbsp;<a title=\"Google Analytics Opt-Out-Cookie setzen\" href=\"https:\/\/www.gaspingerhof.com\/datenschutz\/#\" target=\"_blank\" rel=\"noopener\">by clicking on this link<\/a>. An opt-out cookie will be installed on your device. This will prevent the collection by Google Analytics for this website and for this browser in the future as long as the cookie remains installed in your browser.<\/p>\n<p><strong>Use of Google Remarketing<\/strong><\/p>\n<p>This website uses the remarketing function of Google Inc. This function is used to present interest-based adverts to website visitors within the Google advertising network. A so-called \"cookie\" is stored in the website visitor's browser, which makes it possible to recognise the visitor when he or she visits websites that belong to the Google advertising network. On these pages, the visitor can be presented with adverts that relate to content that the visitor has previously accessed on websites that use Google's remarketing function.<br>According to its own information, Google does not collect any personal data during this process. However, if you do not wish to use Google's remarketing function, you can deactivate it by changing the relevant settings under&nbsp;<a href=\"http:\/\/www.google.com\/settings\/ads\" target=\"_blank\" rel=\"noopener\">http:\/\/www.google.com\/settings\/ads<\/a>&nbsp;to do so. Alternatively, you can deactivate the use of cookies for interest-based advertising via the advertising network initiative by following the instructions at&nbsp;<a href=\"http:\/\/www.networkadvertising.org\/managing\/opt_out.asp\" target=\"_blank\" rel=\"noopener\">http:\/\/www.networkadvertising.org\/managing\/opt_out.asp<\/a>&nbsp;folgen.<\/p>\n<p><strong>Google AdWords<\/strong><\/p>\n<p>Our website uses Google Conversion Tracking. If you have reached our website via an advert placed by Google, Google Adwords will set a cookie on your computer. The cookie for conversion tracking is set when a user clicks on an advert placed by Google. These cookies lose their validity after 30 days and are not used for personal identification. If the user visits certain pages of our website and the cookie has not yet expired, we and Google can recognise that the user clicked on the ad and was redirected to this page. Each Google AdWords customer receives a different cookie. Cookies can therefore not be tracked via the websites of AdWords customers. The information collected using the conversion cookie is used to generate conversion statistics for AdWords customers who have opted for conversion tracking. Customers learn the total number of users who clicked on their advert and were redirected to a page with a conversion tracking tag. However, they do not receive any information with which users can be personally identified.<\/p>\n<p><i>If you do not wish to participate in tracking, you can refuse the setting of a cookie required for this - for example, by changing your browser settings to generally deactivate the automatic setting of cookies or by setting your browser to block cookies from the domain \"googleleadservices.com\".<\/i><\/p>\n<p>Please note that you must not delete the opt-out cookies as long as you do not wish measurement data to be recorded. If you have deleted all your cookies in the browser, you must set the respective opt-out cookie again.<\/p>\n<p><strong>Facebook Tracking Pixel<\/strong><\/p>\n<p>Des Weiteren setzen wir auf unserer Seite einen Facebook-Tracking Pixel (dt.: \u201eBesucheraktions-Pixel\u201c) des&nbsp;Anbieters Facebook Inc., 1 Hacker Way, Menlo Park, California 94025, USA ein. Mit dessen Hilfe k\u00f6nnen wir die Aktionen von Nutzern nachverfolgen, nach dem diese eine Facebook-Werbeanzeige gesehen oder geklickt haben. So k\u00f6nnen wir die Wirksamkeit der Facebook-Werbeanzeigen f\u00fcr statistische und Marktforschungszwecke erfassen. Die so erfassten Daten sind f\u00fcr uns anonym, das hei\u00dft wir sehen nicht die personenbezogenen Daten einzelner Nutzer. Diese Daten werden jedoch von Facebook gespeichert und verarbeitet. Facebook kann diese Daten mit ihrem Facebook-Account verbinden und auch f\u00fcr eigene Werbezwecke, entsprechend Facebooks&nbsp;<a href=\"https:\/\/www.facebook.com\/about\/privacy\" target=\"_blank\" rel=\"noopener\">Datenverwendungsrichtlinie<\/a>&nbsp;use. You can allow Facebook and its partners to place adverts on and off Facebook. You have the option of prohibiting Facebook and its partners from displaying adverts. You can edit the settings for Facebook's adverts under the following link:<a href=\"https:\/\/www.facebook.com\/ads\/website_custom_audiences\/\" target=\"_blank\" rel=\"noopener\">https:\/\/www.facebook.com\/ads\/website_custom_audiences\/<\/a>.<\/p>\t\t\t\t\t\t\t\t<\/div>\n\t\t\t\t\t<\/div>\n\t\t<\/div>\n\t\t\t\t\t<\/div>\n\t\t<\/div>\n\t\t\t\t<\/div>","protected":false},"excerpt":{"rendered":"<p>Hotel Sch\u00f6nruh Gerlos Datenschutz Datenschutzerkl\u00e4rung Hotel Sch\u00f6nruh GmbHGerlos 2856281 Gerlos&nbsp; Die Datenschutzerkl\u00e4rung erstreckt sich auf das Verwenden und Erfassen pers\u00f6nlicher Daten, die bei Kontaktaufnahme unter Umst\u00e4nden erhoben werden, also beispielsweise dann, wenn Sie unsere Web-Site besuchen, wenn [&hellip;]<\/p>\n","protected":false},"author":2,"featured_media":0,"parent":2962,"menu_order":0,"comment_status":"closed","ping_status":"closed","template":"","meta":{"footnotes":""},"class_list":["post-3110","page","type-page","status-publish","hentry"],"_links":{"self":[{"href":"https:\/\/www.schoenruh.com\/en\/wp-json\/wp\/v2\/pages\/3110","targetHints":{"allow":["GET"]}}],"collection":[{"href":"https:\/\/www.schoenruh.com\/en\/wp-json\/wp\/v2\/pages"}],"about":[{"href":"https:\/\/www.schoenruh.com\/en\/wp-json\/wp\/v2\/types\/page"}],"author":[{"embeddable":true,"href":"https:\/\/www.schoenruh.com\/en\/wp-json\/wp\/v2\/users\/2"}],"replies":[{"embeddable":true,"href":"https:\/\/www.schoenruh.com\/en\/wp-json\/wp\/v2\/comments?post=3110"}],"version-history":[{"count":0,"href":"https:\/\/www.schoenruh.com\/en\/wp-json\/wp\/v2\/pages\/3110\/revisions"}],"up":[{"embeddable":true,"href":"https:\/\/www.schoenruh.com\/en\/wp-json\/wp\/v2\/pages\/2962"}],"wp:attachment":[{"href":"https:\/\/www.schoenruh.com\/en\/wp-json\/wp\/v2\/media?parent=3110"}],"curies":[{"name":"wp","href":"https:\/\/api.w.org\/{rel}","templated":true}]}}